{"id":1820,"date":"2024-06-03T11:09:22","date_gmt":"2024-06-03T09:09:22","guid":{"rendered":"https:\/\/patrimonea.com\/servicios\/"},"modified":"2024-10-24T14:34:39","modified_gmt":"2024-10-24T12:34:39","slug":"servicios","status":"publish","type":"page","link":"https:\/\/patrimonea.com\/gl\/servicios\/","title":{"rendered":"Servizos"},"content":{"rendered":"\t\t<div data-elementor-type=\"wp-page\" data-elementor-id=\"1820\" class=\"elementor elementor-1820\">\n\t\t\t\t\t\t<div class=\"elementor-section elementor-top-section elementor-element elementor-element-6ad79c1 pbmit-col-stretched-none pbmit-bg-color-over-image elementor-section-boxed elementor-section-height-default elementor-section-height-default\" data-id=\"6ad79c1\" data-element_type=\"section\">\n\t\t\t\t\t\t<div class=\"elementor-container elementor-column-gap-no\">\n\t\t\t\t\t<div class=\"elementor-column elementor-col-100 elementor-top-column elementor-element elementor-element-1e7f16a pbmit-bg-color-over-image\" data-id=\"1e7f16a\" data-element_type=\"column\">\n\t\t\t<div class=\"elementor-widget-wrap elementor-element-populated\">\n\t\t\t\t\t\t<div class=\"elementor-element elementor-element-7ee1006 elementor-widget elementor-widget-pbmit_service_element\" data-id=\"7ee1006\" data-element_type=\"widget\" data-widget_type=\"pbmit_service_element.default\">\n\t\t\t\t<div class=\"elementor-widget-container\">\n\t\t\t\t\t<div class=\"pbminfotech-element\n\t\t\tpbminfotech-element-service\t\t\tpbmit-element-service-style-1\t\t\tpbmit-element-viewtype-row-column\t\t\tpbmit-element-column-three\t\t\tpbmit-element-sticky-carousel-false\t\t\tpbmit-element-caroursel-dot-false\t\t\tpbmit-infinite-scroll-no\t\t\tpbmit-infinite-scroll-button-no\t\t\tpbminfotech-gap-default\t\t\t\t\t\t\t\t\t\"\n\t\t\tdata-cpt=\"service\"\n\t\t\tdata-totalpagination=\"1\"\n\t\t\tdata-style=\"1\"\n\t\t\tdata-show=\"9\"\n\t\t\tdata-columns=\"3\"\n\t\t\tdata-loop=\"false\"\n\t\t\tdata-autoplay=\"false\"\n\t\t\tdata-center=\"false\"\n\t\t\tdata-nav=\"false\"\n\t\t\tdata-dots=\"false\"\n\t\t\tdata-reverse=\"false\"\n\t\t\tdata-speed=\"1000\"\n\t\t\tdata-delay=\"4000\"\n\t\t\tdata-margin=\"default\"\n\t\t\tdata-show-portion=\"false\">\n\t\t\t<div class=\"pbmit-element-inner\">\n\t\t\n \t\t\t<div class=\"pbmit-ele-header-area  \">\n\t\t\t\t<div class=\"pbmit-header-area-inner\">\n\t\t\t\t\t <div class=\"pbmit-heading-subheading pbmit-heading-subheading-style-1  animation-style4\"><\/div>\t\t\t\t\t\t\t\t\t<\/div>\n\t\t\t\t\t\t\t<\/div>\n\t\t<div class=\"pbmit-infinite-scroll-data\">{\"cpt\":\"service\",\"style\":\"1\",\"columns\":\"3\",\"show\":9,\"order\":\"DESC\",\"orderby\":\"none\"}<\/div>\t\t\t<div class=\"pbmit-element-posts-wrapper row multi-columns-row  \">\n\n \t\t\t\t<article class=\"pbmit-ele pbmit-ele-service pbmit-service-style-1 col-md-4   \"><div class=\"pbminfotech-post-item\">\n\t<div class=\"pbminfotech-box-content\">\n\t\t<div class=\"pbmit-box-content-wrap\">\n\t\t\t<div class=\"pbmit-service-image-wrapper\">\n\t\t\t\t<div class=\"pbmit-featured-img-wrapper\"><div class=\"pbmit-featured-wrapper\"><a href=\"https:\/\/patrimonea.com\/gl\/servicio\/deseno-tecnico-de-rutas\/\"><img fetchpriority=\"high\" decoding=\"async\" width=\"740\" height=\"900\" src=\"https:\/\/patrimonea.com\/wp-content\/uploads\/2024\/05\/portada-740x900.jpg\" class=\"attachment-pbmit-img-740x900 size-pbmit-img-740x900 wp-post-image\" alt=\"\" \/><\/a><\/div><\/div>\t\t\t\t<a class=\"pbmit-link\" href=\"https:\/\/patrimonea.com\/gl\/servicio\/deseno-tecnico-de-rutas\/\"><\/a>\n\t\t\t<\/div>\n\t\t\t<div class=\"pbmit-box-content-inner\">\n\t\t\t\t<div class=\"pbmit-contant-box\">\n\t\t\t\t\t<div class=\"pbmit-service-icon\">\n\t\t\t\t\t\t<i class=\"pbmit-highx-icon pbmit-highx-icon-ice-skates\"><\/i>\t\t\t\t\t<\/div>\n\t\t\t\t\t<div class=\"pbmit-serv-cat\"><\/div>\n\t\t\t\t\t<h3 class=\"pbmit-service-title\"><a href=\"https:\/\/patrimonea.com\/gl\/servicio\/deseno-tecnico-de-rutas\/\">Dese\u00f1o t\u00e9cnico de roteiros<\/a><\/h3>\n\t\t\t\t<\/div>\n\t\t\t\t<a class=\"pbmit-service-btn\" href=\"https:\/\/patrimonea.com\/gl\/servicio\/deseno-tecnico-de-rutas\/\"><svg class=\"pbmit-svg-arrow\" xmlns=\"http:\/\/www.w3.org\/2000\/svg\" xmlns:xlink=\"http:\/\/www.w3.org\/1999\/xlink\" x=\"0px\" y=\"0px\" width=\"19\" height=\"19\" viewBox=\"0 0 19 19\" xml:space=\"preserve\"><line x1=\"1\" y1=\"18\" x2=\"17.8\" y2=\"1.2\"><\/line><line x1=\"1.2\" y1=\"1\" x2=\"18\" y2=\"1\"><\/line><line x1=\"18\" y1=\"17.8\" x2=\"18\" y2=\"1\"><\/line><\/svg><\/a>\n\t\t\t<\/div>\n\t\t<\/div>\n\t<\/div>\n<\/div><\/article><article class=\"pbmit-ele pbmit-ele-service pbmit-service-style-1 col-md-4   \"><div class=\"pbminfotech-post-item\">\n\t<div class=\"pbminfotech-box-content\">\n\t\t<div class=\"pbmit-box-content-wrap\">\n\t\t\t<div class=\"pbmit-service-image-wrapper\">\n\t\t\t\t<div class=\"pbmit-featured-img-wrapper\"><div class=\"pbmit-featured-wrapper\"><a href=\"https:\/\/patrimonea.com\/gl\/servicio\/proxectos-administracions\/\"><img decoding=\"async\" width=\"740\" height=\"900\" src=\"https:\/\/patrimonea.com\/wp-content\/uploads\/2024\/05\/marketng_turistico_patrimonea-740x900.jpg\" class=\"attachment-pbmit-img-740x900 size-pbmit-img-740x900 wp-post-image\" alt=\"\" \/><\/a><\/div><\/div>\t\t\t\t<a class=\"pbmit-link\" href=\"https:\/\/patrimonea.com\/gl\/servicio\/proxectos-administracions\/\"><\/a>\n\t\t\t<\/div>\n\t\t\t<div class=\"pbmit-box-content-inner\">\n\t\t\t\t<div class=\"pbmit-contant-box\">\n\t\t\t\t\t<div class=\"pbmit-service-icon\">\n\t\t\t\t\t\t<i class=\"pbmit-highx-icon pbmit-highx-icon-goggles\"><\/i>\t\t\t\t\t<\/div>\n\t\t\t\t\t<div class=\"pbmit-serv-cat\"><\/div>\n\t\t\t\t\t<h3 class=\"pbmit-service-title\"><a href=\"https:\/\/patrimonea.com\/gl\/servicio\/proxectos-administracions\/\">Proxectos administraci\u00f3ns<\/a><\/h3>\n\t\t\t\t<\/div>\n\t\t\t\t<a class=\"pbmit-service-btn\" href=\"https:\/\/patrimonea.com\/gl\/servicio\/proxectos-administracions\/\"><svg class=\"pbmit-svg-arrow\" xmlns=\"http:\/\/www.w3.org\/2000\/svg\" xmlns:xlink=\"http:\/\/www.w3.org\/1999\/xlink\" x=\"0px\" y=\"0px\" width=\"19\" height=\"19\" viewBox=\"0 0 19 19\" xml:space=\"preserve\"><line x1=\"1\" y1=\"18\" x2=\"17.8\" y2=\"1.2\"><\/line><line x1=\"1.2\" y1=\"1\" x2=\"18\" y2=\"1\"><\/line><line x1=\"18\" y1=\"17.8\" x2=\"18\" y2=\"1\"><\/line><\/svg><\/a>\n\t\t\t<\/div>\n\t\t<\/div>\n\t<\/div>\n<\/div><\/article><article class=\"pbmit-ele pbmit-ele-service pbmit-service-style-1 col-md-4   \"><div class=\"pbminfotech-post-item\">\n\t<div class=\"pbminfotech-box-content\">\n\t\t<div class=\"pbmit-box-content-wrap\">\n\t\t\t<div class=\"pbmit-service-image-wrapper\">\n\t\t\t\t<div class=\"pbmit-featured-img-wrapper\"><div class=\"pbmit-featured-wrapper\"><a href=\"https:\/\/patrimonea.com\/gl\/servicio\/marketing-turistico\/\"><img decoding=\"async\" width=\"740\" height=\"900\" src=\"https:\/\/patrimonea.com\/wp-content\/uploads\/2024\/05\/proyectos_administraciones_patrimonea-740x900.jpg\" class=\"attachment-pbmit-img-740x900 size-pbmit-img-740x900 wp-post-image\" alt=\"\" \/><\/a><\/div><\/div>\t\t\t\t<a class=\"pbmit-link\" href=\"https:\/\/patrimonea.com\/gl\/servicio\/marketing-turistico\/\"><\/a>\n\t\t\t<\/div>\n\t\t\t<div class=\"pbmit-box-content-inner\">\n\t\t\t\t<div class=\"pbmit-contant-box\">\n\t\t\t\t\t<div class=\"pbmit-service-icon\">\n\t\t\t\t\t\t<i class=\"pbmit-highx-icon pbmit-highx-icon-windsurf\"><\/i>\t\t\t\t\t<\/div>\n\t\t\t\t\t<div class=\"pbmit-serv-cat\"><\/div>\n\t\t\t\t\t<h3 class=\"pbmit-service-title\"><a href=\"https:\/\/patrimonea.com\/gl\/servicio\/marketing-turistico\/\">Marketing tur\u00edstico<\/a><\/h3>\n\t\t\t\t<\/div>\n\t\t\t\t<a class=\"pbmit-service-btn\" href=\"https:\/\/patrimonea.com\/gl\/servicio\/marketing-turistico\/\"><svg class=\"pbmit-svg-arrow\" xmlns=\"http:\/\/www.w3.org\/2000\/svg\" xmlns:xlink=\"http:\/\/www.w3.org\/1999\/xlink\" x=\"0px\" y=\"0px\" width=\"19\" height=\"19\" viewBox=\"0 0 19 19\" xml:space=\"preserve\"><line x1=\"1\" y1=\"18\" x2=\"17.8\" y2=\"1.2\"><\/line><line x1=\"1.2\" y1=\"1\" x2=\"18\" y2=\"1\"><\/line><line x1=\"18\" y1=\"17.8\" x2=\"18\" y2=\"1\"><\/line><\/svg><\/a>\n\t\t\t<\/div>\n\t\t<\/div>\n\t<\/div>\n<\/div><\/article><article class=\"pbmit-ele pbmit-ele-service pbmit-service-style-1 col-md-4   \"><div class=\"pbminfotech-post-item\">\n\t<div class=\"pbminfotech-box-content\">\n\t\t<div class=\"pbmit-box-content-wrap\">\n\t\t\t<div class=\"pbmit-service-image-wrapper\">\n\t\t\t\t<div class=\"pbmit-featured-img-wrapper\"><div class=\"pbmit-featured-wrapper\"><a href=\"https:\/\/patrimonea.com\/gl\/servicio\/incentivos-de-empresa\/\"><img loading=\"lazy\" decoding=\"async\" width=\"740\" height=\"900\" src=\"https:\/\/patrimonea.com\/wp-content\/uploads\/2024\/05\/photo_2024-10-08-12.07.37-740x900.jpeg\" class=\"attachment-pbmit-img-740x900 size-pbmit-img-740x900 wp-post-image\" alt=\"\" \/><\/a><\/div><\/div>\t\t\t\t<a class=\"pbmit-link\" href=\"https:\/\/patrimonea.com\/gl\/servicio\/incentivos-de-empresa\/\"><\/a>\n\t\t\t<\/div>\n\t\t\t<div class=\"pbmit-box-content-inner\">\n\t\t\t\t<div class=\"pbmit-contant-box\">\n\t\t\t\t\t<div class=\"pbmit-service-icon\">\n\t\t\t\t\t\t<i class=\"\"><\/i>\t\t\t\t\t<\/div>\n\t\t\t\t\t<div class=\"pbmit-serv-cat\"><\/div>\n\t\t\t\t\t<h3 class=\"pbmit-service-title\"><a href=\"https:\/\/patrimonea.com\/gl\/servicio\/incentivos-de-empresa\/\">Incentivos de Empresa<\/a><\/h3>\n\t\t\t\t<\/div>\n\t\t\t\t<a class=\"pbmit-service-btn\" href=\"https:\/\/patrimonea.com\/gl\/servicio\/incentivos-de-empresa\/\"><svg class=\"pbmit-svg-arrow\" xmlns=\"http:\/\/www.w3.org\/2000\/svg\" xmlns:xlink=\"http:\/\/www.w3.org\/1999\/xlink\" x=\"0px\" y=\"0px\" width=\"19\" height=\"19\" viewBox=\"0 0 19 19\" xml:space=\"preserve\"><line x1=\"1\" y1=\"18\" x2=\"17.8\" y2=\"1.2\"><\/line><line x1=\"1.2\" y1=\"1\" x2=\"18\" y2=\"1\"><\/line><line x1=\"18\" y1=\"17.8\" x2=\"18\" y2=\"1\"><\/line><\/svg><\/a>\n\t\t\t<\/div>\n\t\t<\/div>\n\t<\/div>\n<\/div><\/article><article class=\"pbmit-ele pbmit-ele-service pbmit-service-style-1 col-md-4   \"><div class=\"pbminfotech-post-item\">\n\t<div class=\"pbminfotech-box-content\">\n\t\t<div class=\"pbmit-box-content-wrap\">\n\t\t\t<div class=\"pbmit-service-image-wrapper\">\n\t\t\t\t<div class=\"pbmit-featured-img-wrapper\"><div class=\"pbmit-featured-wrapper\"><a href=\"https:\/\/patrimonea.com\/gl\/servicio\/visitas-educativas-e-formacion\/\"><img loading=\"lazy\" decoding=\"async\" width=\"740\" height=\"900\" src=\"https:\/\/patrimonea.com\/wp-content\/uploads\/2024\/08\/rura-compos-740x900.jpg\" class=\"attachment-pbmit-img-740x900 size-pbmit-img-740x900 wp-post-image\" alt=\"\" \/><\/a><\/div><\/div>\t\t\t\t<a class=\"pbmit-link\" href=\"https:\/\/patrimonea.com\/gl\/servicio\/visitas-educativas-e-formacion\/\"><\/a>\n\t\t\t<\/div>\n\t\t\t<div class=\"pbmit-box-content-inner\">\n\t\t\t\t<div class=\"pbmit-contant-box\">\n\t\t\t\t\t<div class=\"pbmit-service-icon\">\n\t\t\t\t\t\t<i class=\"pbmit-highx-icon pbmit-highx-icon-mountain\"><\/i>\t\t\t\t\t<\/div>\n\t\t\t\t\t<div class=\"pbmit-serv-cat\"><\/div>\n\t\t\t\t\t<h3 class=\"pbmit-service-title\"><a href=\"https:\/\/patrimonea.com\/gl\/servicio\/visitas-educativas-e-formacion\/\">Visitas educativas e formaci\u00f3n<\/a><\/h3>\n\t\t\t\t<\/div>\n\t\t\t\t<a class=\"pbmit-service-btn\" href=\"https:\/\/patrimonea.com\/gl\/servicio\/visitas-educativas-e-formacion\/\"><svg class=\"pbmit-svg-arrow\" xmlns=\"http:\/\/www.w3.org\/2000\/svg\" xmlns:xlink=\"http:\/\/www.w3.org\/1999\/xlink\" x=\"0px\" y=\"0px\" width=\"19\" height=\"19\" viewBox=\"0 0 19 19\" xml:space=\"preserve\"><line x1=\"1\" y1=\"18\" x2=\"17.8\" y2=\"1.2\"><\/line><line x1=\"1.2\" y1=\"1\" x2=\"18\" y2=\"1\"><\/line><line x1=\"18\" y1=\"17.8\" x2=\"18\" y2=\"1\"><\/line><\/svg><\/a>\n\t\t\t<\/div>\n\t\t<\/div>\n\t<\/div>\n<\/div><\/article>\t\t\t<\/div> <!-- .pbmit-element-posts-wrapper -->\n\t\t\t \n\n \t\t\t\n \t\t\t\t\t<\/div><!-- .pbmit-element-inner -->\n\t\t<\/div><!-- .pbminfotech-element -->\n\t\t\t\t<\/div>\n\t\t\t\t<\/div>\n\t\t\t\t\t<\/div>\n\t\t<\/div>\n\t\t\t\t\t<\/div>\n\t\t<\/div>\n\t\t\t\t<\/div>\n\t\t","protected":false},"excerpt":{"rendered":"<p>{&#8220;cpt&#8221;:&#8221;service&#8221;,&#8221;style&#8221;:&#8221;1&#8243;,&#8221;columns&#8221;:&#8221;3&#8243;,&#8221;show&#8221;:9,&#8221;order&#8221;:&#8221;DESC&#8221;,&#8221;orderby&#8221;:&#8221;none&#8221;} Dise\u00f1o t\u00e9cnico de rutas Proyectos administraciones Marketing tur\u00edstico Incentivos de Empresa Visitas educativas y formaci\u00f3n<\/p>\n","protected":false},"author":1,"featured_media":0,"parent":0,"menu_order":10,"comment_status":"closed","ping_status":"closed","template":"","meta":{"_acf_changed":false,"inline_featured_image":false,"footnotes":""},"class_list":["post-1820","page","type-page","status-publish","hentry"],"acf":[],"yoast_head":"<!-- This site is optimized with the Yoast SEO plugin v23.7 - https:\/\/yoast.com\/wordpress\/plugins\/seo\/ -->\n<title>Servizos - Patrimonea<\/title>\n<meta name=\"description\" content=\"Dese\u00f1o t\u00e9cnico de roteiros, proxectos para administraci\u00f3ns, m\u00e1rketing tur\u00edstico, visitas educativas e formaci\u00f3n.\" \/>\n<meta name=\"robots\" content=\"index, follow, max-snippet:-1, max-image-preview:large, max-video-preview:-1\" \/>\n<link rel=\"canonical\" href=\"https:\/\/patrimonea.com\/gl\/servicios\/\" \/>\n<meta property=\"og:locale\" content=\"gl_ES\" \/>\n<meta property=\"og:type\" content=\"article\" \/>\n<meta property=\"og:title\" content=\"Servizos - Patrimonea\" \/>\n<meta property=\"og:description\" content=\"Dese\u00f1o t\u00e9cnico de roteiros, proxectos para administraci\u00f3ns, m\u00e1rketing tur\u00edstico, visitas educativas e formaci\u00f3n.\" \/>\n<meta property=\"og:url\" content=\"https:\/\/patrimonea.com\/gl\/servicios\/\" \/>\n<meta property=\"og:site_name\" content=\"Patrimonea\" \/>\n<meta property=\"article:modified_time\" content=\"2024-10-24T12:34:39+00:00\" \/>\n<meta property=\"og:image\" content=\"https:\/\/patrimonea.com\/wp-content\/uploads\/2024\/05\/marketng_turistico_patrimonea-740x900.jpg\" \/>\n<meta name=\"twitter:card\" content=\"summary_large_image\" \/>\n<meta name=\"twitter:label1\" content=\"Tempo de lectura\" \/>\n\t<meta name=\"twitter:data1\" content=\"2 minutos\" \/>\n<script type=\"application\/ld+json\" class=\"yoast-schema-graph\">{\"@context\":\"https:\/\/schema.org\",\"@graph\":[{\"@type\":\"WebPage\",\"@id\":\"https:\/\/patrimonea.com\/gl\/servicios\/\",\"url\":\"https:\/\/patrimonea.com\/gl\/servicios\/\",\"name\":\"Servizos - Patrimonea\",\"isPartOf\":{\"@id\":\"https:\/\/patrimonea.com\/#website\"},\"primaryImageOfPage\":{\"@id\":\"https:\/\/patrimonea.com\/gl\/servicios\/#primaryimage\"},\"image\":{\"@id\":\"https:\/\/patrimonea.com\/gl\/servicios\/#primaryimage\"},\"thumbnailUrl\":\"https:\/\/patrimonea.com\/wp-content\/uploads\/2024\/05\/marketng_turistico_patrimonea-740x900.jpg\",\"datePublished\":\"2024-06-03T09:09:22+00:00\",\"dateModified\":\"2024-10-24T12:34:39+00:00\",\"description\":\"Dese\u00f1o t\u00e9cnico de roteiros, proxectos para administraci\u00f3ns, m\u00e1rketing tur\u00edstico, visitas educativas e formaci\u00f3n.\",\"breadcrumb\":{\"@id\":\"https:\/\/patrimonea.com\/gl\/servicios\/#breadcrumb\"},\"inLanguage\":\"gl-ES\",\"potentialAction\":[{\"@type\":\"ReadAction\",\"target\":[\"https:\/\/patrimonea.com\/gl\/servicios\/\"]}]},{\"@type\":\"ImageObject\",\"inLanguage\":\"gl-ES\",\"@id\":\"https:\/\/patrimonea.com\/gl\/servicios\/#primaryimage\",\"url\":\"https:\/\/patrimonea.com\/wp-content\/uploads\/2024\/05\/marketng_turistico_patrimonea-740x900.jpg\",\"contentUrl\":\"https:\/\/patrimonea.com\/wp-content\/uploads\/2024\/05\/marketng_turistico_patrimonea-740x900.jpg\"},{\"@type\":\"BreadcrumbList\",\"@id\":\"https:\/\/patrimonea.com\/gl\/servicios\/#breadcrumb\",\"itemListElement\":[{\"@type\":\"ListItem\",\"position\":1,\"name\":\"Portada\",\"item\":\"https:\/\/patrimonea.com\/\"},{\"@type\":\"ListItem\",\"position\":2,\"name\":\"Servizos\"}]},{\"@type\":\"WebSite\",\"@id\":\"https:\/\/patrimonea.com\/#website\",\"url\":\"https:\/\/patrimonea.com\/\",\"name\":\"Patrimonea\",\"description\":\"\",\"potentialAction\":[{\"@type\":\"SearchAction\",\"target\":{\"@type\":\"EntryPoint\",\"urlTemplate\":\"https:\/\/patrimonea.com\/?s={search_term_string}\"},\"query-input\":{\"@type\":\"PropertyValueSpecification\",\"valueRequired\":true,\"valueName\":\"search_term_string\"}}],\"inLanguage\":\"gl-ES\"}]}<\/script>\n<!-- \/ Yoast SEO plugin. -->","yoast_head_json":{"title":"Servizos - Patrimonea","description":"Dese\u00f1o t\u00e9cnico de roteiros, proxectos para administraci\u00f3ns, m\u00e1rketing tur\u00edstico, visitas educativas e formaci\u00f3n.","robots":{"index":"index","follow":"follow","max-snippet":"max-snippet:-1","max-image-preview":"max-image-preview:large","max-video-preview":"max-video-preview:-1"},"canonical":"https:\/\/patrimonea.com\/gl\/servicios\/","og_locale":"gl_ES","og_type":"article","og_title":"Servizos - Patrimonea","og_description":"Dese\u00f1o t\u00e9cnico de roteiros, proxectos para administraci\u00f3ns, m\u00e1rketing tur\u00edstico, visitas educativas e formaci\u00f3n.","og_url":"https:\/\/patrimonea.com\/gl\/servicios\/","og_site_name":"Patrimonea","article_modified_time":"2024-10-24T12:34:39+00:00","og_image":[{"url":"https:\/\/patrimonea.com\/wp-content\/uploads\/2024\/05\/marketng_turistico_patrimonea-740x900.jpg"}],"twitter_card":"summary_large_image","twitter_misc":{"Tempo de lectura":"2 minutos"},"schema":{"@context":"https:\/\/schema.org","@graph":[{"@type":"WebPage","@id":"https:\/\/patrimonea.com\/gl\/servicios\/","url":"https:\/\/patrimonea.com\/gl\/servicios\/","name":"Servizos - Patrimonea","isPartOf":{"@id":"https:\/\/patrimonea.com\/#website"},"primaryImageOfPage":{"@id":"https:\/\/patrimonea.com\/gl\/servicios\/#primaryimage"},"image":{"@id":"https:\/\/patrimonea.com\/gl\/servicios\/#primaryimage"},"thumbnailUrl":"https:\/\/patrimonea.com\/wp-content\/uploads\/2024\/05\/marketng_turistico_patrimonea-740x900.jpg","datePublished":"2024-06-03T09:09:22+00:00","dateModified":"2024-10-24T12:34:39+00:00","description":"Dese\u00f1o t\u00e9cnico de roteiros, proxectos para administraci\u00f3ns, m\u00e1rketing tur\u00edstico, visitas educativas e formaci\u00f3n.","breadcrumb":{"@id":"https:\/\/patrimonea.com\/gl\/servicios\/#breadcrumb"},"inLanguage":"gl-ES","potentialAction":[{"@type":"ReadAction","target":["https:\/\/patrimonea.com\/gl\/servicios\/"]}]},{"@type":"ImageObject","inLanguage":"gl-ES","@id":"https:\/\/patrimonea.com\/gl\/servicios\/#primaryimage","url":"https:\/\/patrimonea.com\/wp-content\/uploads\/2024\/05\/marketng_turistico_patrimonea-740x900.jpg","contentUrl":"https:\/\/patrimonea.com\/wp-content\/uploads\/2024\/05\/marketng_turistico_patrimonea-740x900.jpg"},{"@type":"BreadcrumbList","@id":"https:\/\/patrimonea.com\/gl\/servicios\/#breadcrumb","itemListElement":[{"@type":"ListItem","position":1,"name":"Portada","item":"https:\/\/patrimonea.com\/"},{"@type":"ListItem","position":2,"name":"Servizos"}]},{"@type":"WebSite","@id":"https:\/\/patrimonea.com\/#website","url":"https:\/\/patrimonea.com\/","name":"Patrimonea","description":"","potentialAction":[{"@type":"SearchAction","target":{"@type":"EntryPoint","urlTemplate":"https:\/\/patrimonea.com\/?s={search_term_string}"},"query-input":{"@type":"PropertyValueSpecification","valueRequired":true,"valueName":"search_term_string"}}],"inLanguage":"gl-ES"}]}},"_links":{"self":[{"href":"https:\/\/patrimonea.com\/gl\/wp-json\/wp\/v2\/pages\/1820","targetHints":{"allow":["GET"]}}],"collection":[{"href":"https:\/\/patrimonea.com\/gl\/wp-json\/wp\/v2\/pages"}],"about":[{"href":"https:\/\/patrimonea.com\/gl\/wp-json\/wp\/v2\/types\/page"}],"author":[{"embeddable":true,"href":"https:\/\/patrimonea.com\/gl\/wp-json\/wp\/v2\/users\/1"}],"replies":[{"embeddable":true,"href":"https:\/\/patrimonea.com\/gl\/wp-json\/wp\/v2\/comments?post=1820"}],"version-history":[{"count":1,"href":"https:\/\/patrimonea.com\/gl\/wp-json\/wp\/v2\/pages\/1820\/revisions"}],"predecessor-version":[{"id":1821,"href":"https:\/\/patrimonea.com\/gl\/wp-json\/wp\/v2\/pages\/1820\/revisions\/1821"}],"wp:attachment":[{"href":"https:\/\/patrimonea.com\/gl\/wp-json\/wp\/v2\/media?parent=1820"}],"curies":[{"name":"wp","href":"https:\/\/api.w.org\/{rel}","templated":true}]}}