{"id":1801,"date":"2024-06-01T04:21:58","date_gmt":"2024-06-01T02:21:58","guid":{"rendered":"https:\/\/patrimonea.com\/experiencias\/"},"modified":"2024-10-24T14:36:37","modified_gmt":"2024-10-24T12:36:37","slug":"experiencias","status":"publish","type":"page","link":"https:\/\/patrimonea.com\/gl\/experiencias\/","title":{"rendered":"Experiencias"},"content":{"rendered":"\t\t<div data-elementor-type=\"wp-page\" data-elementor-id=\"1801\" class=\"elementor elementor-1801\">\n\t\t\t\t\t\t<div class=\"elementor-section elementor-top-section elementor-element elementor-element-cfb1acb pbmit-col-stretched-none pbmit-bg-color-over-image elementor-section-boxed elementor-section-height-default elementor-section-height-default\" data-id=\"cfb1acb\" data-element_type=\"section\">\n\t\t\t\t\t\t<div class=\"elementor-container elementor-column-gap-no\">\n\t\t\t\t\t<div class=\"elementor-column elementor-col-100 elementor-top-column elementor-element elementor-element-dd3ad5c pbmit-bg-color-over-image\" data-id=\"dd3ad5c\" data-element_type=\"column\">\n\t\t\t<div class=\"elementor-widget-wrap elementor-element-populated\">\n\t\t\t\t\t\t<div class=\"elementor-element elementor-element-f606a4a elementor-widget elementor-widget-pbmit_heading\" data-id=\"f606a4a\" data-element_type=\"widget\" data-widget_type=\"pbmit_heading.default\">\n\t\t\t\t<div class=\"elementor-widget-container\">\n\t\t\t <div class=\"pbmit-heading-subheading pbmit-heading-subheading-style-1  animation-style2\"><h2 class=\"pbmit-element-title\">\n\t\t\t\t\n\t\t\t\t\tRoteiros a p\u00e9 ou en bicicleta\n\t\t\t\t\n\t\t\t\t<\/h2>\n\t\t\t<h4 class=\"pbmit-element-subtitle\"><span>\n\t\t\t\t<\/span>\n\t\t\t\t\n\t\t\t\t\tExperiencias\n\t\t\t\t\n\t\t\t\t<\/h4>\n\t\t\t<\/div>\t\t<\/div>\n\t\t\t\t<\/div>\n\t\t\t\t<div class=\"elementor-element elementor-element-567e348 card-active elementor-widget elementor-widget-pbmit_portfolio_element\" data-id=\"567e348\" data-element_type=\"widget\" data-widget_type=\"pbmit_portfolio_element.default\">\n\t\t\t\t<div class=\"elementor-widget-container\">\n\t\t\t\t\t\t\t<div class=\"pbminfotech-element\n\t\t\tpbminfotech-element-portfolio\t\t\tpbmit-element-portfolio-style-1\t\t\tpbmit-element-viewtype-row-column\t\t\tpbmit-element-column-three\t\t\tpbmit-element-sticky-carousel-false\t\t\tpbmit-element-caroursel-dot-false\t\t\tpbmit-infinite-scroll-no\t\t\tpbmit-infinite-scroll-button-no\t\t\tpbminfotech-gap-default\t\t\t\t\t\t\t\t\t\"\n\t\t\tdata-cpt=\"portfolio\"\n\t\t\tdata-totalpagination=\"1\"\n\t\t\tdata-style=\"1\"\n\t\t\tdata-show=\"9\"\n\t\t\tdata-columns=\"3\"\n\t\t\tdata-loop=\"false\"\n\t\t\tdata-autoplay=\"false\"\n\t\t\tdata-center=\"false\"\n\t\t\tdata-nav=\"false\"\n\t\t\tdata-dots=\"false\"\n\t\t\tdata-reverse=\"false\"\n\t\t\tdata-speed=\"1000\"\n\t\t\tdata-delay=\"4000\"\n\t\t\tdata-margin=\"default\"\n\t\t\tdata-show-portion=\"false\">\n\t\t\t<div class=\"pbmit-element-inner\">\n\t\t\t\t<div class=\"pbmit-ele-header-area\">\n\t\t\t <div class=\"pbmit-heading-subheading pbmit-heading-subheading-style-1  animation-style4\"><\/div>\t\t\t\t\t<\/div>\n\t\t<div class=\"pbmit-infinite-scroll-data\">{\"cpt\":\"portfolio\",\"style\":\"1\",\"columns\":\"3\",\"show\":9,\"order\":\"DESC\",\"orderby\":\"none\"}<\/div>\t\t\t\t<div class=\"pbmit-element-posts-wrapper row multi-columns-row \" >\n\t\t\t\t\t<article class=\"pbmit-ele pbmit-ele-portfolio pbmit-portfolio-style-1 col-md-4  pbmit-odd pbmit-col-odd\"><div class=\"pbminfotech-post-content\">\n\t<div class=\"pbmit-featured-img-wrapper\"><div class=\"pbmit-featured-wrapper\"><a href=\"https:\/\/patrimonea.com\/gl\/experiencia\/compostela-rural\/\"><img fetchpriority=\"high\" decoding=\"async\" width=\"760\" height=\"1000\" src=\"https:\/\/patrimonea.com\/wp-content\/uploads\/2024\/05\/foto-rura-compos-760x1000.jpg\" class=\"attachment-pbmit-img-760x1000 size-pbmit-img-760x1000 wp-post-image\" alt=\"\" \/><\/a><\/div><\/div>\t<div class=\"pbminfotech-box-content\">\n\t\t<div class=\"pbminfotech-titlebox\">\n\t\t\t<div class=\"pbmit-port-cat\"><\/div>\n\t\t\t<h3 class=\"pbmit-portfolio-title\"><a href=\"https:\/\/patrimonea.com\/gl\/experiencia\/compostela-rural\/\">Compostela rural<\/a><\/h3>\n\t\t<\/div>\n\t<\/div>\n\t<a class=\"pbmit-link\" href=\"https:\/\/patrimonea.com\/gl\/experiencia\/compostela-rural\/\"><\/a>\n<\/div><\/article><article class=\"pbmit-ele pbmit-ele-portfolio pbmit-portfolio-style-1 col-md-4  pbmit-even pbmit-col-odd\"><div class=\"pbminfotech-post-content\">\n\t<div class=\"pbmit-featured-img-wrapper\"><div class=\"pbmit-featured-wrapper\"><a href=\"https:\/\/patrimonea.com\/gl\/experiencia\/pazos-fervenzas-e-corredoiras\/\"><img decoding=\"async\" width=\"760\" height=\"1000\" src=\"https:\/\/patrimonea.com\/wp-content\/uploads\/2024\/05\/fervenza-das-pombas-scaled-1-760x1000.jpg\" class=\"attachment-pbmit-img-760x1000 size-pbmit-img-760x1000 wp-post-image\" alt=\"\" \/><\/a><\/div><\/div>\t<div class=\"pbminfotech-box-content\">\n\t\t<div class=\"pbminfotech-titlebox\">\n\t\t\t<div class=\"pbmit-port-cat\"><\/div>\n\t\t\t<h3 class=\"pbmit-portfolio-title\"><a href=\"https:\/\/patrimonea.com\/gl\/experiencia\/pazos-fervenzas-e-corredoiras\/\">Pazos, fervenzas e corredoiras<\/a><\/h3>\n\t\t<\/div>\n\t<\/div>\n\t<a class=\"pbmit-link\" href=\"https:\/\/patrimonea.com\/gl\/experiencia\/pazos-fervenzas-e-corredoiras\/\"><\/a>\n<\/div><\/article><article class=\"pbmit-ele pbmit-ele-portfolio pbmit-portfolio-style-1 col-md-4  pbmit-odd pbmit-col-odd\"><div class=\"pbminfotech-post-content\">\n\t<div class=\"pbmit-featured-img-wrapper\"><div class=\"pbmit-featured-wrapper\"><a href=\"https:\/\/patrimonea.com\/gl\/experiencia\/tras-a-pegada-dos-romanos\/\"><img decoding=\"async\" width=\"760\" height=\"1000\" src=\"https:\/\/patrimonea.com\/wp-content\/uploads\/2024\/05\/tras-la-huella-de-los-romanos_destacada-760x1000.jpg\" class=\"attachment-pbmit-img-760x1000 size-pbmit-img-760x1000 wp-post-image\" alt=\"\" \/><\/a><\/div><\/div>\t<div class=\"pbminfotech-box-content\">\n\t\t<div class=\"pbminfotech-titlebox\">\n\t\t\t<div class=\"pbmit-port-cat\"><\/div>\n\t\t\t<h3 class=\"pbmit-portfolio-title\"><a href=\"https:\/\/patrimonea.com\/gl\/experiencia\/tras-a-pegada-dos-romanos\/\">Tras a pegada dos romanos<\/a><\/h3>\n\t\t<\/div>\n\t<\/div>\n\t<a class=\"pbmit-link\" href=\"https:\/\/patrimonea.com\/gl\/experiencia\/tras-a-pegada-dos-romanos\/\"><\/a>\n<\/div><\/article><article class=\"pbmit-ele pbmit-ele-portfolio pbmit-portfolio-style-1 col-md-4  pbmit-even pbmit-col-even\"><div class=\"pbminfotech-post-content\">\n\t<div class=\"pbmit-featured-img-wrapper\"><div class=\"pbmit-featured-wrapper\"><a href=\"https:\/\/patrimonea.com\/gl\/experiencia\/ulla-o-escondedoiro-do-albarino\/\"><img loading=\"lazy\" decoding=\"async\" width=\"760\" height=\"1000\" src=\"https:\/\/patrimonea.com\/wp-content\/uploads\/2024\/05\/Proyectos-760x1000.jpg\" class=\"attachment-pbmit-img-760x1000 size-pbmit-img-760x1000 wp-post-image\" alt=\"\" \/><\/a><\/div><\/div>\t<div class=\"pbminfotech-box-content\">\n\t\t<div class=\"pbminfotech-titlebox\">\n\t\t\t<div class=\"pbmit-port-cat\"><\/div>\n\t\t\t<h3 class=\"pbmit-portfolio-title\"><a href=\"https:\/\/patrimonea.com\/gl\/experiencia\/ulla-o-escondedoiro-do-albarino\/\">Ulla, o escondedoiro do Albari\u00f1o<\/a><\/h3>\n\t\t<\/div>\n\t<\/div>\n\t<a class=\"pbmit-link\" href=\"https:\/\/patrimonea.com\/gl\/experiencia\/ulla-o-escondedoiro-do-albarino\/\"><\/a>\n<\/div><\/article><article class=\"pbmit-ele pbmit-ele-portfolio pbmit-portfolio-style-1 col-md-4  pbmit-odd pbmit-col-even\"><div class=\"pbminfotech-post-content\">\n\t<div class=\"pbmit-featured-img-wrapper\"><div class=\"pbmit-featured-wrapper\"><a href=\"https:\/\/patrimonea.com\/gl\/experiencia\/roteiro-do-queixo-arzua\/\"><img loading=\"lazy\" decoding=\"async\" width=\"760\" height=\"1000\" src=\"https:\/\/patrimonea.com\/wp-content\/uploads\/2024\/05\/WhatsApp-Image-2024-09-20-at-13.33.42-17-760x1000.jpeg\" class=\"attachment-pbmit-img-760x1000 size-pbmit-img-760x1000 wp-post-image\" alt=\"\" \/><\/a><\/div><\/div>\t<div class=\"pbminfotech-box-content\">\n\t\t<div class=\"pbminfotech-titlebox\">\n\t\t\t<div class=\"pbmit-port-cat\"><\/div>\n\t\t\t<h3 class=\"pbmit-portfolio-title\"><a href=\"https:\/\/patrimonea.com\/gl\/experiencia\/roteiro-do-queixo-arzua\/\">O roteiro do queixo de Arz\u00faa<\/a><\/h3>\n\t\t<\/div>\n\t<\/div>\n\t<a class=\"pbmit-link\" href=\"https:\/\/patrimonea.com\/gl\/experiencia\/roteiro-do-queixo-arzua\/\"><\/a>\n<\/div><\/article>\t\t\t<\/div>\n\t\t\t\t\t\t\t\t\t\t\t\t<\/div><!-- .pbmit-element-inner -->\n\t\t<\/div><!-- .pbminfotech-element -->\n\t\t\t\t\t\t<\/div>\n\t\t\t\t<\/div>\n\t\t\t\t\t<\/div>\n\t\t<\/div>\n\t\t\t\t\t<\/div>\n\t\t<\/div>\n\t\t\t\t<section class=\"elementor-section elementor-top-section elementor-element elementor-element-63d7cd3 pbmit-col-stretched-none pbmit-bg-color-over-image elementor-section-boxed elementor-section-height-default elementor-section-height-default\" data-id=\"63d7cd3\" data-element_type=\"section\">\n\t\t\t\t\t\t<div class=\"elementor-container elementor-column-gap-default\">\n\t\t\t\t\t<div class=\"elementor-column elementor-col-100 elementor-top-column elementor-element elementor-element-78dfde8 pbmit-bg-color-over-image\" data-id=\"78dfde8\" data-element_type=\"column\">\n\t\t\t<div class=\"elementor-widget-wrap\">\n\t\t\t\t\t\t\t<\/div>\n\t\t<\/div>\n\t\t\t\t\t<\/div>\n\t\t<\/section>\n\t\t\t\t<\/div>\n\t\t","protected":false},"excerpt":{"rendered":"<p>Roteiros a p\u00e9 ou en bicicleta Experiencias {&#8220;cpt&#8221;:&#8221;portfolio&#8221;,&#8221;style&#8221;:&#8221;1&#8243;,&#8221;columns&#8221;:&#8221;3&#8243;,&#8221;show&#8221;:9,&#8221;order&#8221;:&#8221;DESC&#8221;,&#8221;orderby&#8221;:&#8221;none&#8221;} Compostela rural Pazos, cascadas y corredoiras Tras la huella de los romanos Ulla, el escondite del Albari\u00f1o La ruta del queso de Arz\u00faa<\/p>\n","protected":false},"author":1,"featured_media":0,"parent":0,"menu_order":12,"comment_status":"closed","ping_status":"closed","template":"","meta":{"_acf_changed":false,"inline_featured_image":false,"footnotes":""},"class_list":["post-1801","page","type-page","status-publish","hentry"],"acf":[],"yoast_head":"<!-- This site is optimized with the Yoast SEO plugin v23.7 - https:\/\/yoast.com\/wordpress\/plugins\/seo\/ -->\n<title>Experiencias - Patrimonea<\/title>\n<meta name=\"description\" content=\"Co\u00f1ece Galicia e o seu patrimonio a trav\u00e9s do sendeirismo, cicloturismo, actividades acu\u00e1ticas, visitas guiadas, \u2026\" \/>\n<meta name=\"robots\" content=\"index, follow, max-snippet:-1, max-image-preview:large, max-video-preview:-1\" \/>\n<link rel=\"canonical\" href=\"https:\/\/patrimonea.com\/gl\/experiencias\/\" \/>\n<meta property=\"og:locale\" content=\"gl_ES\" \/>\n<meta property=\"og:type\" content=\"article\" \/>\n<meta property=\"og:title\" content=\"Experiencias - Patrimonea\" \/>\n<meta property=\"og:description\" content=\"Co\u00f1ece Galicia e o seu patrimonio a trav\u00e9s do sendeirismo, cicloturismo, actividades acu\u00e1ticas, visitas guiadas, \u2026\" \/>\n<meta property=\"og:url\" content=\"https:\/\/patrimonea.com\/gl\/experiencias\/\" \/>\n<meta property=\"og:site_name\" content=\"Patrimonea\" \/>\n<meta property=\"article:modified_time\" content=\"2024-10-24T12:36:37+00:00\" \/>\n<meta property=\"og:image\" content=\"https:\/\/patrimonea.com\/wp-content\/uploads\/2024\/05\/foto-rura-compos-760x1000.jpg\" \/>\n<meta name=\"twitter:card\" content=\"summary_large_image\" \/>\n<meta name=\"twitter:label1\" content=\"Tempo de lectura\" \/>\n\t<meta name=\"twitter:data1\" content=\"2 minutos\" \/>\n<script type=\"application\/ld+json\" class=\"yoast-schema-graph\">{\"@context\":\"https:\/\/schema.org\",\"@graph\":[{\"@type\":\"WebPage\",\"@id\":\"https:\/\/patrimonea.com\/gl\/experiencias\/\",\"url\":\"https:\/\/patrimonea.com\/gl\/experiencias\/\",\"name\":\"Experiencias - Patrimonea\",\"isPartOf\":{\"@id\":\"https:\/\/patrimonea.com\/#website\"},\"primaryImageOfPage\":{\"@id\":\"https:\/\/patrimonea.com\/gl\/experiencias\/#primaryimage\"},\"image\":{\"@id\":\"https:\/\/patrimonea.com\/gl\/experiencias\/#primaryimage\"},\"thumbnailUrl\":\"https:\/\/patrimonea.com\/wp-content\/uploads\/2024\/05\/foto-rura-compos-760x1000.jpg\",\"datePublished\":\"2024-06-01T02:21:58+00:00\",\"dateModified\":\"2024-10-24T12:36:37+00:00\",\"description\":\"Co\u00f1ece Galicia e o seu patrimonio a trav\u00e9s do sendeirismo, cicloturismo, actividades acu\u00e1ticas, visitas guiadas, \u2026\",\"breadcrumb\":{\"@id\":\"https:\/\/patrimonea.com\/gl\/experiencias\/#breadcrumb\"},\"inLanguage\":\"gl-ES\",\"potentialAction\":[{\"@type\":\"ReadAction\",\"target\":[\"https:\/\/patrimonea.com\/gl\/experiencias\/\"]}]},{\"@type\":\"ImageObject\",\"inLanguage\":\"gl-ES\",\"@id\":\"https:\/\/patrimonea.com\/gl\/experiencias\/#primaryimage\",\"url\":\"https:\/\/patrimonea.com\/wp-content\/uploads\/2024\/05\/foto-rura-compos-760x1000.jpg\",\"contentUrl\":\"https:\/\/patrimonea.com\/wp-content\/uploads\/2024\/05\/foto-rura-compos-760x1000.jpg\"},{\"@type\":\"BreadcrumbList\",\"@id\":\"https:\/\/patrimonea.com\/gl\/experiencias\/#breadcrumb\",\"itemListElement\":[{\"@type\":\"ListItem\",\"position\":1,\"name\":\"Portada\",\"item\":\"https:\/\/patrimonea.com\/\"},{\"@type\":\"ListItem\",\"position\":2,\"name\":\"Experiencias\"}]},{\"@type\":\"WebSite\",\"@id\":\"https:\/\/patrimonea.com\/#website\",\"url\":\"https:\/\/patrimonea.com\/\",\"name\":\"Patrimonea\",\"description\":\"\",\"potentialAction\":[{\"@type\":\"SearchAction\",\"target\":{\"@type\":\"EntryPoint\",\"urlTemplate\":\"https:\/\/patrimonea.com\/?s={search_term_string}\"},\"query-input\":{\"@type\":\"PropertyValueSpecification\",\"valueRequired\":true,\"valueName\":\"search_term_string\"}}],\"inLanguage\":\"gl-ES\"}]}<\/script>\n<!-- \/ Yoast SEO plugin. -->","yoast_head_json":{"title":"Experiencias - Patrimonea","description":"Co\u00f1ece Galicia e o seu patrimonio a trav\u00e9s do sendeirismo, cicloturismo, actividades acu\u00e1ticas, visitas guiadas, \u2026","robots":{"index":"index","follow":"follow","max-snippet":"max-snippet:-1","max-image-preview":"max-image-preview:large","max-video-preview":"max-video-preview:-1"},"canonical":"https:\/\/patrimonea.com\/gl\/experiencias\/","og_locale":"gl_ES","og_type":"article","og_title":"Experiencias - Patrimonea","og_description":"Co\u00f1ece Galicia e o seu patrimonio a trav\u00e9s do sendeirismo, cicloturismo, actividades acu\u00e1ticas, visitas guiadas, \u2026","og_url":"https:\/\/patrimonea.com\/gl\/experiencias\/","og_site_name":"Patrimonea","article_modified_time":"2024-10-24T12:36:37+00:00","og_image":[{"url":"https:\/\/patrimonea.com\/wp-content\/uploads\/2024\/05\/foto-rura-compos-760x1000.jpg"}],"twitter_card":"summary_large_image","twitter_misc":{"Tempo de lectura":"2 minutos"},"schema":{"@context":"https:\/\/schema.org","@graph":[{"@type":"WebPage","@id":"https:\/\/patrimonea.com\/gl\/experiencias\/","url":"https:\/\/patrimonea.com\/gl\/experiencias\/","name":"Experiencias - Patrimonea","isPartOf":{"@id":"https:\/\/patrimonea.com\/#website"},"primaryImageOfPage":{"@id":"https:\/\/patrimonea.com\/gl\/experiencias\/#primaryimage"},"image":{"@id":"https:\/\/patrimonea.com\/gl\/experiencias\/#primaryimage"},"thumbnailUrl":"https:\/\/patrimonea.com\/wp-content\/uploads\/2024\/05\/foto-rura-compos-760x1000.jpg","datePublished":"2024-06-01T02:21:58+00:00","dateModified":"2024-10-24T12:36:37+00:00","description":"Co\u00f1ece Galicia e o seu patrimonio a trav\u00e9s do sendeirismo, cicloturismo, actividades acu\u00e1ticas, visitas guiadas, \u2026","breadcrumb":{"@id":"https:\/\/patrimonea.com\/gl\/experiencias\/#breadcrumb"},"inLanguage":"gl-ES","potentialAction":[{"@type":"ReadAction","target":["https:\/\/patrimonea.com\/gl\/experiencias\/"]}]},{"@type":"ImageObject","inLanguage":"gl-ES","@id":"https:\/\/patrimonea.com\/gl\/experiencias\/#primaryimage","url":"https:\/\/patrimonea.com\/wp-content\/uploads\/2024\/05\/foto-rura-compos-760x1000.jpg","contentUrl":"https:\/\/patrimonea.com\/wp-content\/uploads\/2024\/05\/foto-rura-compos-760x1000.jpg"},{"@type":"BreadcrumbList","@id":"https:\/\/patrimonea.com\/gl\/experiencias\/#breadcrumb","itemListElement":[{"@type":"ListItem","position":1,"name":"Portada","item":"https:\/\/patrimonea.com\/"},{"@type":"ListItem","position":2,"name":"Experiencias"}]},{"@type":"WebSite","@id":"https:\/\/patrimonea.com\/#website","url":"https:\/\/patrimonea.com\/","name":"Patrimonea","description":"","potentialAction":[{"@type":"SearchAction","target":{"@type":"EntryPoint","urlTemplate":"https:\/\/patrimonea.com\/?s={search_term_string}"},"query-input":{"@type":"PropertyValueSpecification","valueRequired":true,"valueName":"search_term_string"}}],"inLanguage":"gl-ES"}]}},"_links":{"self":[{"href":"https:\/\/patrimonea.com\/gl\/wp-json\/wp\/v2\/pages\/1801","targetHints":{"allow":["GET"]}}],"collection":[{"href":"https:\/\/patrimonea.com\/gl\/wp-json\/wp\/v2\/pages"}],"about":[{"href":"https:\/\/patrimonea.com\/gl\/wp-json\/wp\/v2\/types\/page"}],"author":[{"embeddable":true,"href":"https:\/\/patrimonea.com\/gl\/wp-json\/wp\/v2\/users\/1"}],"replies":[{"embeddable":true,"href":"https:\/\/patrimonea.com\/gl\/wp-json\/wp\/v2\/comments?post=1801"}],"version-history":[{"count":3,"href":"https:\/\/patrimonea.com\/gl\/wp-json\/wp\/v2\/pages\/1801\/revisions"}],"predecessor-version":[{"id":1804,"href":"https:\/\/patrimonea.com\/gl\/wp-json\/wp\/v2\/pages\/1801\/revisions\/1804"}],"wp:attachment":[{"href":"https:\/\/patrimonea.com\/gl\/wp-json\/wp\/v2\/media?parent=1801"}],"curies":[{"name":"wp","href":"https:\/\/api.w.org\/{rel}","templated":true}]}}