{"id":1796,"date":"2024-05-31T08:58:37","date_gmt":"2024-05-31T06:58:37","guid":{"rendered":"https:\/\/patrimonea.com\/contactar\/"},"modified":"2024-10-25T12:55:07","modified_gmt":"2024-10-25T10:55:07","slug":"contactar","status":"publish","type":"page","link":"https:\/\/patrimonea.com\/gl\/contactar\/","title":{"rendered":"Contactar"},"content":{"rendered":"\t\t<div data-elementor-type=\"wp-page\" data-elementor-id=\"1796\" class=\"elementor elementor-1796\">\n\t\t\t\t\t\t<section class=\"elementor-section elementor-top-section elementor-element elementor-element-7122cec pbmit-col-stretched-none pbmit-bg-color-over-image elementor-section-boxed elementor-section-height-default elementor-section-height-default\" data-id=\"7122cec\" data-element_type=\"section\">\n\t\t\t\t\t\t<div class=\"elementor-container elementor-column-gap-no\">\n\t\t\t\t\t<div class=\"elementor-column elementor-col-33 elementor-top-column elementor-element elementor-element-38f3dec pbmit-bg-color-over-image\" data-id=\"38f3dec\" data-element_type=\"column\">\n\t\t\t<div class=\"elementor-widget-wrap elementor-element-populated\">\n\t\t\t\t\t\t<div class=\"elementor-element elementor-element-8e7f257 elementor-widget elementor-widget-pbmit_icon_heading\" data-id=\"8e7f257\" data-element_type=\"widget\" data-widget_type=\"pbmit_icon_heading.default\">\n\t\t\t\t<div class=\"elementor-widget-container\">\n\t\t\t<div class=\"pbmit-ihbox pbmit-ihbox-style-4\"><div class=\"pbmit-ihbox-headingicon\">\n\t<div class=\"pbmit-ihbox-icon\"><div class=\"pbmit-ihbox-icon-wrapper pbmit-ihbox-icon-type-icon\"><div class=\"pbmit-icon-wrapper pbmit-icon-type-icon\"><i class=\"pbmit-highx-icon pbmit-highx-icon-email\"><\/i><\/div><\/div><\/div>\t<h2 class=\"pbmit-element-title\">Email\n<\/h2>\t\t<div class=\"pbmit-heading-desc\">info@patrimonea.com<\/div>\t<div class=\"pbmit-ihbox-btn\"><a href=\"mailto:info@patrimonea.com\"><span class=\"pbmit-button-text\">Contacta con nosotros!<\/span><svg class=\"pbmit-svg-arrow\" xmlns=\"http:\/\/www.w3.org\/2000\/svg\" xmlns:xlink=\"http:\/\/www.w3.org\/1999\/xlink\" x=\"0px\" y=\"0px\" width=\"19\" height=\"19\" viewBox=\"0 0 19 19\" xml:space=\"preserve\"><line x1=\"1\" y1=\"18\" x2=\"17.8\" y2=\"1.2\"><\/line><line x1=\"1.2\" y1=\"1\" x2=\"18\" y2=\"1\"><\/line><line x1=\"18\" y1=\"17.8\" x2=\"18\" y2=\"1\"><\/line><\/svg><\/a><\/div><\/div><\/div>\t\t<\/div>\n\t\t\t\t<\/div>\n\t\t\t\t\t<\/div>\n\t\t<\/div>\n\t\t\t\t<div class=\"elementor-column elementor-col-33 elementor-top-column elementor-element elementor-element-c00cd04 pbmit-bg-color-over-image\" data-id=\"c00cd04\" data-element_type=\"column\">\n\t\t\t<div class=\"elementor-widget-wrap elementor-element-populated\">\n\t\t\t\t\t\t<div class=\"elementor-element elementor-element-35025e5 elementor-widget elementor-widget-pbmit_icon_heading\" data-id=\"35025e5\" data-element_type=\"widget\" data-widget_type=\"pbmit_icon_heading.default\">\n\t\t\t\t<div class=\"elementor-widget-container\">\n\t\t\t<div class=\"pbmit-ihbox pbmit-ihbox-style-4\"><div class=\"pbmit-ihbox-headingicon\">\n\t<div class=\"pbmit-ihbox-icon\"><div class=\"pbmit-ihbox-icon-wrapper pbmit-ihbox-icon-type-icon\"><div class=\"pbmit-icon-wrapper pbmit-icon-type-icon\"><i class=\"pbmit-highx-icon pbmit-highx-icon-call\"><\/i><\/div><\/div><\/div>\t<h2 class=\"pbmit-element-title\">Tel\u00e9fono\n<\/h2>\t\t<div class=\"pbmit-heading-desc\">699 680 217\n<\/div>\t<div class=\"pbmit-ihbox-btn\"><a href=\"tel:699680217\"><span class=\"pbmit-button-text\">Llamanos!<\/span><svg class=\"pbmit-svg-arrow\" xmlns=\"http:\/\/www.w3.org\/2000\/svg\" xmlns:xlink=\"http:\/\/www.w3.org\/1999\/xlink\" x=\"0px\" y=\"0px\" width=\"19\" height=\"19\" viewBox=\"0 0 19 19\" xml:space=\"preserve\"><line x1=\"1\" y1=\"18\" x2=\"17.8\" y2=\"1.2\"><\/line><line x1=\"1.2\" y1=\"1\" x2=\"18\" y2=\"1\"><\/line><line x1=\"18\" y1=\"17.8\" x2=\"18\" y2=\"1\"><\/line><\/svg><\/a><\/div><\/div><\/div>\t\t<\/div>\n\t\t\t\t<\/div>\n\t\t\t\t\t<\/div>\n\t\t<\/div>\n\t\t\t\t<div class=\"elementor-column elementor-col-33 elementor-top-column elementor-element elementor-element-d477a04 pbmit-bg-color-over-image\" data-id=\"d477a04\" data-element_type=\"column\">\n\t\t\t<div class=\"elementor-widget-wrap elementor-element-populated\">\n\t\t\t\t\t\t<div class=\"elementor-element elementor-element-dfe13b2 elementor-widget elementor-widget-pbmit_icon_heading\" data-id=\"dfe13b2\" data-element_type=\"widget\" data-widget_type=\"pbmit_icon_heading.default\">\n\t\t\t\t<div class=\"elementor-widget-container\">\n\t\t\t<div class=\"pbmit-ihbox pbmit-ihbox-style-4\"><div class=\"pbmit-ihbox-headingicon\">\n\t<div class=\"pbmit-ihbox-icon\"><div class=\"pbmit-ihbox-icon-wrapper pbmit-ihbox-icon-type-icon\"><div class=\"pbmit-icon-wrapper pbmit-icon-type-icon\"><svg class=\"e-font-icon-svg e-fab-whatsapp\" viewBox=\"0 0 448 512\" xmlns=\"http:\/\/www.w3.org\/2000\/svg\"><path d=\"M380.9 97.1C339 55.1 283.2 32 223.9 32c-122.4 0-222 99.6-222 222 0 39.1 10.2 77.3 29.6 111L0 480l117.7-30.9c32.4 17.7 68.9 27 106.1 27h.1c122.3 0 224.1-99.6 224.1-222 0-59.3-25.2-115-67.1-157zm-157 341.6c-33.2 0-65.7-8.9-94-25.7l-6.7-4-69.8 18.3L72 359.2l-4.4-7c-18.5-29.4-28.2-63.3-28.2-98.2 0-101.7 82.8-184.5 184.6-184.5 49.3 0 95.6 19.2 130.4 54.1 34.8 34.9 56.2 81.2 56.1 130.5 0 101.8-84.9 184.6-186.6 184.6zm101.2-138.2c-5.5-2.8-32.8-16.2-37.9-18-5.1-1.9-8.8-2.8-12.5 2.8-3.7 5.6-14.3 18-17.6 21.8-3.2 3.7-6.5 4.2-12 1.4-32.6-16.3-54-29.1-75.5-66-5.7-9.8 5.7-9.1 16.3-30.3 1.8-3.7.9-6.9-.5-9.7-1.4-2.8-12.5-30.1-17.1-41.2-4.5-10.8-9.1-9.3-12.5-9.5-3.2-.2-6.9-.2-10.6-.2-3.7 0-9.7 1.4-14.8 6.9-5.1 5.6-19.4 19-19.4 46.3 0 27.3 19.9 53.7 22.6 57.4 2.8 3.7 39.1 59.7 94.8 83.8 35.2 15.2 49 16.5 66.6 13.9 10.7-1.6 32.8-13.4 37.4-26.4 4.6-13 4.6-24.1 3.2-26.4-1.3-2.5-5-3.9-10.5-6.6z\"><\/path><\/svg><\/div><\/div><\/div>\t<h2 class=\"pbmit-element-title\">Grupos informativos<\/h2>\t\t<div class=\"pbmit-heading-desc\">\u00danete a Whatsapp ou Telegram<\/div>\t<div class=\"pbmit-ihbox-btn\"><a href=\"#colophon\"><span class=\"pbmit-button-text\">Read More<\/span><svg class=\"pbmit-svg-arrow\" xmlns=\"http:\/\/www.w3.org\/2000\/svg\" xmlns:xlink=\"http:\/\/www.w3.org\/1999\/xlink\" x=\"0px\" y=\"0px\" width=\"19\" height=\"19\" viewBox=\"0 0 19 19\" xml:space=\"preserve\"><line x1=\"1\" y1=\"18\" x2=\"17.8\" y2=\"1.2\"><\/line><line x1=\"1.2\" y1=\"1\" x2=\"18\" y2=\"1\"><\/line><line x1=\"18\" y1=\"17.8\" x2=\"18\" y2=\"1\"><\/line><\/svg><\/a><\/div><\/div><\/div>\t\t<\/div>\n\t\t\t\t<\/div>\n\t\t\t\t\t<\/div>\n\t\t<\/div>\n\t\t\t\t\t<\/div>\n\t\t<\/section>\n\t\t\t\t<section class=\"elementor-section elementor-top-section elementor-element elementor-element-abf5828 pbmit-col-stretched-none pbmit-bg-color-over-image elementor-section-boxed elementor-section-height-default elementor-section-height-default\" data-id=\"abf5828\" data-element_type=\"section\">\n\t\t\t\t\t\t<div class=\"elementor-container elementor-column-gap-no\">\n\t\t\t\t\t<div class=\"elementor-column elementor-col-100 elementor-top-column elementor-element elementor-element-8851baa pbmit-bg-color-over-image\" data-id=\"8851baa\" data-element_type=\"column\">\n\t\t\t<div class=\"elementor-widget-wrap elementor-element-populated\">\n\t\t\t\t\t\t<div class=\"elementor-element elementor-element-76c4dbe elementor-widget elementor-widget-pbmit_heading\" data-id=\"76c4dbe\" data-element_type=\"widget\" data-widget_type=\"pbmit_heading.default\">\n\t\t\t\t<div class=\"elementor-widget-container\">\n\t\t\t <div class=\"pbmit-heading-subheading pbmit-heading-subheading-style-1  animation-style2\"><h2 class=\"pbmit-element-title\">\n\t\t\t\t\n\t\t\t\t\tFormulario de contacto\n\t\t\t\t\n\t\t\t\t<\/h2>\n\t\t\t<h4 class=\"pbmit-element-subtitle\"><span>\n\t\t\t\t<\/span>\n\t\t\t\t\n\t\t\t\t\tContacta connosco\n\t\t\t\t\n\t\t\t\t<\/h4>\n\t\t\t<\/div>\t\t<\/div>\n\t\t\t\t<\/div>\n\t\t\t\t<section class=\"elementor-section elementor-inner-section elementor-element elementor-element-47e6ad3 pbmit-col-stretched-none pbmit-bg-color-over-image elementor-section-boxed elementor-section-height-default elementor-section-height-default\" data-id=\"47e6ad3\" data-element_type=\"section\">\n\t\t\t\t\t\t<div class=\"elementor-container elementor-column-gap-no\">\n\t\t\t\t\t<div class=\"elementor-column elementor-col-50 elementor-inner-column elementor-element elementor-element-02f67bf pbmit-bg-color-over-image\" data-id=\"02f67bf\" data-element_type=\"column\">\n\t\t\t<div class=\"elementor-widget-wrap elementor-element-populated\">\n\t\t\t\t\t\t<div class=\"elementor-element elementor-element-dba5058 elementor-widget elementor-widget-text-editor\" data-id=\"dba5058\" data-element_type=\"widget\" data-widget_type=\"text-editor.default\">\n\t\t\t\t<div class=\"elementor-widget-container\">\n\t\t\t\t\t\t\t<p>Completa o formulario de contacto a continuaci\u00f3n para calquera consulta ou comentario. Compromet\u00e9monos a responder o m\u00e1is axi\u00f1a posible. Grazas polo teu interese!<\/p>\t\t\t\t\t\t<\/div>\n\t\t\t\t<\/div>\n\t\t\t\t<div class=\"elementor-element elementor-element-41b2085 elementor-widget elementor-widget-pbmit_custom_heading\" data-id=\"41b2085\" data-element_type=\"widget\" data-widget_type=\"pbmit_custom_heading.default\">\n\t\t\t\t<div class=\"elementor-widget-container\">\n\t\t\t\t<div class=\"pbmit-custom-heading -align animation-style4\"><h5 class=\"pbmit-element-title\">\n\t\t\t\n\t\t\t\tS\u00edguenos en:\n\t\t\t\n\t\t\t<\/h5>\n\t\t<\/div>\t\t<\/div>\n\t\t\t\t<\/div>\n\t\t\t\t<div class=\"elementor-element elementor-element-15c14d0 pbmit-contact-social-icons elementor-widget elementor-widget-shortcode\" data-id=\"15c14d0\" data-element_type=\"widget\" data-widget_type=\"shortcode.default\">\n\t\t\t\t<div class=\"elementor-widget-container\">\n\t\t\t\t\t<div class=\"elementor-shortcode\"><ul class=\"pbmit-social-links\"><li class=\"pbmit-social-li pbmit-social-facebook\"><a title=\"Facebook\"   href=\"https:\/\/www.facebook.com\/patrimonea\/\" target=\"_blank\"><span><i class=\"pbmit-base-icon-facebook-f\"><\/i><\/span><\/a><\/li><li class=\"pbmit-social-li pbmit-social-linkedin\"><a title=\"LinkedIn\"   href=\"https:\/\/www.linkedin.com\/in\/dario-rey-suarez\/\" target=\"_blank\"><span><i class=\"pbmit-base-icon-linkedin-in\"><\/i><\/span><\/a><\/li><li class=\"pbmit-social-li pbmit-social-instagram\"><a title=\"Instagram\"   href=\"https:\/\/www.instagram.com\/patrimonea\/\" target=\"_blank\"><span><i class=\"pbmit-base-icon-instagram\"><\/i><\/span><\/a><\/li><\/ul> <\/div>\n\t\t\t\t<\/div>\n\t\t\t\t<\/div>\n\t\t\t\t\t<\/div>\n\t\t<\/div>\n\t\t\t\t<div class=\"elementor-column elementor-col-50 elementor-inner-column elementor-element elementor-element-d0bd3d1 pbmit-bg-color-over-image\" data-id=\"d0bd3d1\" data-element_type=\"column\">\n\t\t\t<div class=\"elementor-widget-wrap elementor-element-populated\">\n\t\t\t\t\t\t<div class=\"elementor-element elementor-element-fa18012 elementor-widget elementor-widget-pbmit_custom_heading\" data-id=\"fa18012\" data-element_type=\"widget\" data-widget_type=\"pbmit_custom_heading.default\">\n\t\t\t\t<div class=\"elementor-widget-container\">\n\t\t\t\t<div class=\"pbmit-custom-heading -align animation-style4\"><h3 class=\"pbmit-element-title\">\n\t\t\t\n\t\t\t\tEnviar unha mensaxe:\n\t\t\t\n\t\t\t<\/h3>\n\t\t<\/div>\t\t<\/div>\n\t\t\t\t<\/div>\n\t\t\t\t<div class=\"elementor-element elementor-element-20eed99 elementor-widget elementor-widget-shortcode\" data-id=\"20eed99\" data-element_type=\"widget\" data-widget_type=\"shortcode.default\">\n\t\t\t\t<div class=\"elementor-widget-container\">\n\t\t\t\t\t<div class=\"elementor-shortcode\">\n<div class=\"wpcf7 no-js\" id=\"wpcf7-f1794-o1\" lang=\"en-US\" dir=\"ltr\">\n<div class=\"screen-reader-response\"><p role=\"status\" aria-live=\"polite\" aria-atomic=\"true\"><\/p> <ul><\/ul><\/div>\n<form action=\"\/gl\/wp-json\/wp\/v2\/pages\/1796#wpcf7-f1794-o1\" method=\"post\" class=\"wpcf7-form init\" aria-label=\"Contact form\" novalidate=\"novalidate\" data-status=\"init\">\n<div style=\"display: none;\">\n<input type=\"hidden\" name=\"_wpcf7\" value=\"1794\" \/>\n<input type=\"hidden\" name=\"_wpcf7_version\" value=\"5.9.8\" \/>\n<input type=\"hidden\" name=\"_wpcf7_locale\" value=\"en_US\" \/>\n<input type=\"hidden\" name=\"_wpcf7_unit_tag\" value=\"wpcf7-f1794-o1\" \/>\n<input type=\"hidden\" name=\"_wpcf7_container_post\" value=\"0\" \/>\n<input type=\"hidden\" name=\"_wpcf7_posted_data_hash\" value=\"\" \/>\n<\/div>\n<div class=\"pbmit-form pbmit-team-form\">\n\t<div class=\"row\">\n\t\t<div class=\"col-sm-12 col-md-6\">\n\t\t\t<div class=\"input-group\">\n\t\t\t\t<p><span class=\"wpcf7-form-control-wrap\" data-name=\"your-name\"><input size=\"40\" maxlength=\"400\" class=\"wpcf7-form-control wpcf7-text wpcf7-validates-as-required\" aria-required=\"true\" aria-invalid=\"false\" placeholder=\"Nome\" value=\"\" type=\"text\" name=\"your-name\" \/><\/span>\n\t\t\t\t<\/p>\n\t\t\t<\/div>\n\t\t\t<p><span id=\"wpcf7-69ecd4e7e2afd-wrapper\" class=\"wpcf7-form-control-wrap website-wrap\" ><label for=\"wpcf7-69ecd4e7e2afd-field\" class=\"hp-message\">Please leave this field empty.<\/label><input id=\"wpcf7-69ecd4e7e2afd-field\"  class=\"wpcf7-form-control wpcf7-text\" type=\"text\" name=\"website\" value=\"\" size=\"40\" tabindex=\"-1\" autocomplete=\"new-password\" \/><\/span>\n\t\t\t<\/p>\n\t\t<\/div>\n\t\t<div class=\"col-sm-12 col-md-6\">\n\t\t\t<div class=\"input-group\">\n\t\t\t\t<p><span class=\"wpcf7-form-control-wrap\" data-name=\"email-address\"><input size=\"40\" maxlength=\"400\" class=\"wpcf7-form-control wpcf7-email wpcf7-validates-as-required wpcf7-text wpcf7-validates-as-email\" aria-required=\"true\" aria-invalid=\"false\" placeholder=\"Email\" value=\"\" type=\"email\" name=\"email-address\" \/><\/span>\n\t\t\t\t<\/p>\n\t\t\t<\/div>\n\t\t<\/div>\n\t\t<div class=\"col-sm-12 col-md-6\">\n\t\t\t<div class=\"input-group\">\n\t\t\t\t<p><span class=\"wpcf7-form-control-wrap\" data-name=\"phone-number\"><input size=\"40\" maxlength=\"400\" class=\"wpcf7-form-control wpcf7-text wpcf7-validates-as-required\" aria-required=\"true\" aria-invalid=\"false\" placeholder=\"Tel\u00e9fono\" value=\"\" type=\"text\" name=\"phone-number\" \/><\/span>\n\t\t\t\t<\/p>\n\t\t\t<\/div>\n\t\t<\/div>\n\t\t<div class=\"col-sm-12 col-md-6\">\n\t\t\t<div class=\"input-group\">\n\t\t\t\t<p><span class=\"wpcf7-form-control-wrap\" data-name=\"subject\"><input size=\"40\" maxlength=\"400\" class=\"wpcf7-form-control wpcf7-text wpcf7-validates-as-required\" aria-required=\"true\" aria-invalid=\"false\" placeholder=\"Asunto\" value=\"\" type=\"text\" name=\"subject\" \/><\/span>\n\t\t\t\t<\/p>\n\t\t\t<\/div>\n\t\t\t<p><span id=\"wpcf7-69ecd4e7e2bf1-wrapper\" class=\"wpcf7-form-control-wrap subject-wrap\" ><input type=\"hidden\" name=\"subject-time-start\" value=\"1777128679\"><input type=\"hidden\" name=\"subject-time-check\" value=\"4\"><label for=\"wpcf7-69ecd4e7e2bf1-field\" class=\"hp-message\">Please leave this field empty.<\/label><input id=\"wpcf7-69ecd4e7e2bf1-field\"  class=\"wpcf7-form-control wpcf7-text\" type=\"text\" name=\"subject\" value=\"\" size=\"40\" tabindex=\"-1\" autocomplete=\"new-password\" \/><\/span>\n\t\t\t<\/p>\n\t\t<\/div>\n\t\t<div class=\"col-sm-12\">\n\t\t\t<div class=\"input-group input-textarea\">\n\t\t\t\t<p><span class=\"wpcf7-form-control-wrap\" data-name=\"textarea-806\"><textarea cols=\"40\" rows=\"10\" maxlength=\"2000\" class=\"wpcf7-form-control wpcf7-textarea wpcf7-validates-as-required\" aria-required=\"true\" aria-invalid=\"false\" placeholder=\"Comentarios\" name=\"textarea-806\"><\/textarea><\/span>\n\t\t\t\t<\/p>\n\t\t\t<\/div>\n\t\t<\/div>\n\t\t<div class=\"col-12\">\n\t\t\t<p><span class=\"wpcf7-form-control-wrap\" data-name=\"acceptance-27\"><span class=\"wpcf7-form-control wpcf7-acceptance\"><span class=\"wpcf7-list-item\"><label><input type=\"checkbox\" name=\"acceptance-27\" value=\"1\" aria-invalid=\"false\" \/><span class=\"wpcf7-list-item-label\">Autorizo expresamente o tratamento dos datos persoais facilitados para recibir informaci\u00f3n segundo o clausulado <a\n                    style=\"color: #4c7d2d;\" href=\"https:\/\/patrimonea.com\/gl\/aviso_legal\" target=\"_blank\"\n                    rel=\"noopener\">  aviso legal. <\/a><\/span><\/label><\/span><\/span><\/span>\n\t\t\t<\/p>\n\t\t<\/div>\n\t\t<div class=\"col-sm-12\">\n\t\t\t<div class=\"input-group input-button\">\n\t\t\t\t<p><button id='submit' class='wpcf7-form-control wpcf7-submit'><span class=\"pbmit-button-text\">Enviar <\/span><svg class=\"pbmit-svg-arrow\" xmlns=\"http:\/\/www.w3.org\/2000\/svg\" xmlns:xlink=\"http:\/\/www.w3.org\/1999\/xlink\" x=\"0px\" y=\"0px\" width=\"10\" height=\"19\" viewBox=\"0 0 19 19\" xml:space=\"preserve\"><line x1=\"1\" y1=\"18\" x2=\"17.8\" y2=\"1.2\"><\/line><line x1=\"1.2\" y1=\"1\" x2=\"18\" y2=\"1\"><\/line><line x1=\"18\" y1=\"17.8\" x2=\"18\" y2=\"1\"><\/line><\/svg><\/button>\n\t\t\t\t<\/p>\n\t\t\t<\/div>\n\t\t<\/div>\n\t<\/div>\n<\/div><div class=\"wpcf7-response-output\" aria-hidden=\"true\"><\/div>\n<\/form>\n<\/div>\n<\/div>\n\t\t\t\t<\/div>\n\t\t\t\t<\/div>\n\t\t\t\t\t<\/div>\n\t\t<\/div>\n\t\t\t\t\t<\/div>\n\t\t<\/section>\n\t\t\t\t\t<\/div>\n\t\t<\/div>\n\t\t\t\t\t<\/div>\n\t\t<\/section>\n\t\t\t\t<\/div>\n\t\t","protected":false},"excerpt":{"rendered":"<p>Email info@patrimonea.com Contacta con nosotros! Tel\u00e9fono 699 680 217 Llamanos! Grupos informativos \u00danete a Whatsapp ou Telegram Read More Formulario de contacto Contacta connosco Completa o formulario de contacto a continuaci\u00f3n para calquera consulta ou comentario. Compromet\u00e9monos a responder o m\u00e1is axi\u00f1a posible. Grazas polo teu interese! S\u00edguenos en: Enviar unha mensaxe:<\/p>\n","protected":false},"author":1,"featured_media":0,"parent":0,"menu_order":23,"comment_status":"closed","ping_status":"closed","template":"","meta":{"_acf_changed":false,"inline_featured_image":false,"footnotes":""},"class_list":["post-1796","page","type-page","status-publish","hentry"],"acf":[],"yoast_head":"<!-- This site is optimized with the Yoast SEO plugin v23.7 - https:\/\/yoast.com\/wordpress\/plugins\/seo\/ -->\n<title>Contactar - Patrimonea<\/title>\n<meta name=\"description\" content=\"Datos de contacto de Patrimonea, turismo activo e destinos de Galicia por descubrir.\" \/>\n<meta name=\"robots\" content=\"index, follow, max-snippet:-1, max-image-preview:large, max-video-preview:-1\" \/>\n<link rel=\"canonical\" href=\"https:\/\/patrimonea.com\/gl\/contactar\/\" \/>\n<meta property=\"og:locale\" content=\"gl_ES\" \/>\n<meta property=\"og:type\" content=\"article\" \/>\n<meta property=\"og:title\" content=\"Contactar - Patrimonea\" \/>\n<meta property=\"og:description\" content=\"Datos de contacto de Patrimonea, turismo activo e destinos de Galicia por descubrir.\" \/>\n<meta property=\"og:url\" content=\"https:\/\/patrimonea.com\/gl\/contactar\/\" \/>\n<meta property=\"og:site_name\" content=\"Patrimonea\" \/>\n<meta property=\"article:modified_time\" content=\"2024-10-25T10:55:07+00:00\" \/>\n<meta name=\"twitter:card\" content=\"summary_large_image\" \/>\n<meta name=\"twitter:label1\" content=\"Tempo de lectura\" \/>\n\t<meta name=\"twitter:data1\" content=\"1 minuto\" \/>\n<script type=\"application\/ld+json\" class=\"yoast-schema-graph\">{\"@context\":\"https:\/\/schema.org\",\"@graph\":[{\"@type\":\"WebPage\",\"@id\":\"https:\/\/patrimonea.com\/gl\/contactar\/\",\"url\":\"https:\/\/patrimonea.com\/gl\/contactar\/\",\"name\":\"Contactar - Patrimonea\",\"isPartOf\":{\"@id\":\"https:\/\/patrimonea.com\/#website\"},\"datePublished\":\"2024-05-31T06:58:37+00:00\",\"dateModified\":\"2024-10-25T10:55:07+00:00\",\"description\":\"Datos de contacto de Patrimonea, turismo activo e destinos de Galicia por descubrir.\",\"breadcrumb\":{\"@id\":\"https:\/\/patrimonea.com\/gl\/contactar\/#breadcrumb\"},\"inLanguage\":\"gl-ES\",\"potentialAction\":[{\"@type\":\"ReadAction\",\"target\":[\"https:\/\/patrimonea.com\/gl\/contactar\/\"]}]},{\"@type\":\"BreadcrumbList\",\"@id\":\"https:\/\/patrimonea.com\/gl\/contactar\/#breadcrumb\",\"itemListElement\":[{\"@type\":\"ListItem\",\"position\":1,\"name\":\"Portada\",\"item\":\"https:\/\/patrimonea.com\/\"},{\"@type\":\"ListItem\",\"position\":2,\"name\":\"Contactar\"}]},{\"@type\":\"WebSite\",\"@id\":\"https:\/\/patrimonea.com\/#website\",\"url\":\"https:\/\/patrimonea.com\/\",\"name\":\"Patrimonea\",\"description\":\"\",\"potentialAction\":[{\"@type\":\"SearchAction\",\"target\":{\"@type\":\"EntryPoint\",\"urlTemplate\":\"https:\/\/patrimonea.com\/?s={search_term_string}\"},\"query-input\":{\"@type\":\"PropertyValueSpecification\",\"valueRequired\":true,\"valueName\":\"search_term_string\"}}],\"inLanguage\":\"gl-ES\"}]}<\/script>\n<!-- \/ Yoast SEO plugin. -->","yoast_head_json":{"title":"Contactar - Patrimonea","description":"Datos de contacto de Patrimonea, turismo activo e destinos de Galicia por descubrir.","robots":{"index":"index","follow":"follow","max-snippet":"max-snippet:-1","max-image-preview":"max-image-preview:large","max-video-preview":"max-video-preview:-1"},"canonical":"https:\/\/patrimonea.com\/gl\/contactar\/","og_locale":"gl_ES","og_type":"article","og_title":"Contactar - Patrimonea","og_description":"Datos de contacto de Patrimonea, turismo activo e destinos de Galicia por descubrir.","og_url":"https:\/\/patrimonea.com\/gl\/contactar\/","og_site_name":"Patrimonea","article_modified_time":"2024-10-25T10:55:07+00:00","twitter_card":"summary_large_image","twitter_misc":{"Tempo de lectura":"1 minuto"},"schema":{"@context":"https:\/\/schema.org","@graph":[{"@type":"WebPage","@id":"https:\/\/patrimonea.com\/gl\/contactar\/","url":"https:\/\/patrimonea.com\/gl\/contactar\/","name":"Contactar - Patrimonea","isPartOf":{"@id":"https:\/\/patrimonea.com\/#website"},"datePublished":"2024-05-31T06:58:37+00:00","dateModified":"2024-10-25T10:55:07+00:00","description":"Datos de contacto de Patrimonea, turismo activo e destinos de Galicia por descubrir.","breadcrumb":{"@id":"https:\/\/patrimonea.com\/gl\/contactar\/#breadcrumb"},"inLanguage":"gl-ES","potentialAction":[{"@type":"ReadAction","target":["https:\/\/patrimonea.com\/gl\/contactar\/"]}]},{"@type":"BreadcrumbList","@id":"https:\/\/patrimonea.com\/gl\/contactar\/#breadcrumb","itemListElement":[{"@type":"ListItem","position":1,"name":"Portada","item":"https:\/\/patrimonea.com\/"},{"@type":"ListItem","position":2,"name":"Contactar"}]},{"@type":"WebSite","@id":"https:\/\/patrimonea.com\/#website","url":"https:\/\/patrimonea.com\/","name":"Patrimonea","description":"","potentialAction":[{"@type":"SearchAction","target":{"@type":"EntryPoint","urlTemplate":"https:\/\/patrimonea.com\/?s={search_term_string}"},"query-input":{"@type":"PropertyValueSpecification","valueRequired":true,"valueName":"search_term_string"}}],"inLanguage":"gl-ES"}]}},"_links":{"self":[{"href":"https:\/\/patrimonea.com\/gl\/wp-json\/wp\/v2\/pages\/1796","targetHints":{"allow":["GET"]}}],"collection":[{"href":"https:\/\/patrimonea.com\/gl\/wp-json\/wp\/v2\/pages"}],"about":[{"href":"https:\/\/patrimonea.com\/gl\/wp-json\/wp\/v2\/types\/page"}],"author":[{"embeddable":true,"href":"https:\/\/patrimonea.com\/gl\/wp-json\/wp\/v2\/users\/1"}],"replies":[{"embeddable":true,"href":"https:\/\/patrimonea.com\/gl\/wp-json\/wp\/v2\/comments?post=1796"}],"version-history":[{"count":9,"href":"https:\/\/patrimonea.com\/gl\/wp-json\/wp\/v2\/pages\/1796\/revisions"}],"predecessor-version":[{"id":1894,"href":"https:\/\/patrimonea.com\/gl\/wp-json\/wp\/v2\/pages\/1796\/revisions\/1894"}],"wp:attachment":[{"href":"https:\/\/patrimonea.com\/gl\/wp-json\/wp\/v2\/media?parent=1796"}],"curies":[{"name":"wp","href":"https:\/\/api.w.org\/{rel}","templated":true}]}}