{"id":1791,"date":"2024-08-22T11:34:00","date_gmt":"2024-08-22T09:34:00","guid":{"rendered":"https:\/\/patrimonea.com\/politica-de-privacidad\/"},"modified":"2024-10-24T08:12:47","modified_gmt":"2024-10-24T06:12:47","slug":"politica-de-privacidad","status":"publish","type":"page","link":"https:\/\/patrimonea.com\/gl\/politica-de-privacidad\/","title":{"rendered":"Pol\u00edtica de Privacidade"},"content":{"rendered":"\n<p><h2>Datos identificativos<\/h2><\/p>\n\n\n\n<p>En cumprimento do deber de informaci\u00f3n recollido no artigo 10 da Lei 34\/2002, do 11 de xullo, de Servizos da Sociedade da Informaci\u00f3n e do Comercio electr\u00f3nico, a continuaci\u00f3n refl\u00edctense os seguintes datos: o titular de www.patrimonea.com \u00e9 DAR\u00cdO REY SU\u00c1REZ (en diante PATRIMONEA), con NIF 78.811.940-W e domicilio para estes efectos en Lugar de Subres, San Tirso de Cornado, 8, 15822 Touro(A Coru\u00f1a) e con correo electr\u00f3nico de contacto: info@patrimonea.com<\/p>\n\n\n\n<p><h2>Usuarios<\/h2><\/p>\n\n\n\n<p>O acceso e\/o uso deste portal de PATRIMONEA atrib\u00fae a condici\u00f3n de USUARIO, que acepta, desde o devandito acceso e\/o uso, as Condici\u00f3ns Xerais de uso aqu\u00ed reflectidas. As citadas condici\u00f3ns ser\u00e1n de aplicaci\u00f3n independentemente das Condici\u00f3ns Xerais de Contrataci\u00f3n que no seu caso resulten de obrigado cumprimento.<\/p>\n\n\n\n<p><h2>Protecci\u00f3n de datos de car\u00e1cter persoal<\/h2><\/p>\n\n\n\n<p><strong>Responsable<\/strong>: DAR\u00cdO REY SU\u00c1REZ<br><strong>Finalidade<\/strong>: Xesti\u00f3n da solicitude<br><strong>Lexitimaci\u00f3n<\/strong>: Execuci\u00f3n dun contrato \/ prestaci\u00f3n de servizos<br><strong>Destinatarios<\/strong>: Outras empresas ou filiais do grupo<br><strong>Dereitos<\/strong>: Pode exercitar os dereitos de acceso, rectificaci\u00f3n, supresi\u00f3n, limitaci\u00f3n, oposici\u00f3n e portabilidad dos datos achegados, como se indica na informaci\u00f3n adicional Informaci\u00f3n adicional: ver a continuaci\u00f3n<\/p>\n\n\n\n<p><h2>Pol\u00edtica de privacidade II<\/h2><\/p>\n\n\n\n<p><h2>Quen \u00e9 o responsable do tratamento dos seus datos?<\/h2><\/p>\n\n\n\n<p><strong>Identidade<\/strong>: DAR\u00cdO REY SU\u00c1REZ<br><strong>Domicilio Social<\/strong>: Lugar de Subres, San Tirso de Cornado, 8, 15822 Touro(A Coru\u00f1a)<br><strong>Tel\u00e9fono<\/strong>: 699 680 217<br><strong>Email<\/strong>: info@patrimonea.com<\/p>\n\n\n\n<p><h2>Con que finalidade tratamos os seus datos persoais?<\/h2><\/p>\n\n\n\n<p>En PATRIMONEA tratamos a informaci\u00f3n que nos facilitan as persoas interesadas co fin de xestionar o env\u00edo da informaci\u00f3n ou dos produtos solicitados.<\/p>\n\n\n\n<p>Realizaranse tratamentos de datos automatizados co fin de elaborar perf\u00eds cos servizos solicitados ou compras realizadas, para poder ofrecerlle promoci\u00f3ns, ofertas ou servizos polos que mostrou interese.<\/p>\n\n\n\n<p><h2>Por canto tempo conservaremos os seus datos?<\/h2><\/p>\n\n\n\n<p>Os datos persoais facilitados polo usuario conservaranse mentres non se solicite a supresi\u00f3n dos mesmos por parte do interesado.<\/p>\n\n\n\n<p><h2>Lexitimaci\u00f3n<\/h2><\/p>\n\n\n\n<p>A base legal para o tratamento dos seus datos \u00e9 a execuci\u00f3n da s\u00faa solicitude<\/p>\n\n\n\n<p><h2>A que destinatarios comunicaranse os seus datos?<\/h2><\/p>\n\n\n\n<p>PATRIMONEA poder\u00e1 ceder os seus datos a outras empresas ou filiais do grupo para fins administrativos e de xesti\u00f3n interna.<\/p>\n\n\n\n<p><h2>Dereitos<\/h2><\/p>\n\n\n\n<p>O usuario poder\u00e1 exercer en todo momento os dereitos de Acceso, Rectificaci\u00f3n, Supresi\u00f3n, Limitaci\u00f3n, Oposici\u00f3n e Portabilidad dos datos achegados, segundo o disposto no Regulamento Xeral (UE) 2016\/679 de Protecci\u00f3n de Datos, dirixindo un escrito en que especifique que dereito desexa exercer ao domicilio social arriba indicado, anexando copia do documento que o identifique, \u00e1 direcci\u00f3n de correo electr\u00f3nico info@patrimonea.com. As\u00ed mesmo, o interesado pode presentar unha reclamaci\u00f3n #ante a Autoridade de Control.<\/p>\n\n\n\n<p><h2>M\u00e1s informaci\u00f3n<\/h2><\/p>\n\n\n\n<p>PATRIMONEA adoptou as medidas t\u00e9cnicas necesarias para manter o nivel de seguridade requirido, segundo a natureza dos datos persoais tratados e as circunstancias do tratamento, co obxecto de evitar, na medida do posible e sempre segundo o estado da t\u00e9cnica, a s\u00faa alteraci\u00f3n, perda, tratamento ou acceso non autorizado. Para a realizaci\u00f3n da xesti\u00f3n antes mencionada pode ser necesario que se cedan os datos a encargados do tratamento, empresas colaboradoras e administraci\u00f3ns p\u00fablicas (as cales poden verificar a veracidade dos datos).<\/p>\n\n\n\n<p>PATRIMONEA cumpre integramente coa lexislaci\u00f3n vixente en materia de protecci\u00f3n de datos de car\u00e1cter persoal, e cos compromisos de confidencialidade propios da s\u00faa actividade. En cumprimento do establecido no Regulamento Xeral (UE) 2016\/679 de Protecci\u00f3n de Datos, comunicamos ao usuario que os datos persoais que nos facilite de forma voluntaria , por calquera dos nosos medios de recollida de informaci\u00f3n, van ser incorporados \u00e1s Actividades de Tratamento automatizados de datos de car\u00e1cter persoal titularidade de PATRIMONEA co fin de poderlle prestar os nosos servizos, as\u00ed como para manterlle informado sobre cuesti\u00f3ns relativas \u00e1 actividade da empresa e os seus servizos. Os campos marcados con \u201c*\u201d son de car\u00e1cter obrigatorio, polo que o non enchemento dos devanditos campos impedir\u00e1 ao USUARIO gozar dalg\u00fans dos Servizos e informaci\u00f3ns ofrecidas na Web. Os datos contidos neles ser\u00e1n tratados de forma confidencial.<\/p>\n\n\n\n<p>No caso de que o USUARIO facilite datos de car\u00e1cter persoal, referentes a persoas f\u00edsicas distintas a si mesmo, o USUARIO deber\u00e1, con car\u00e1cter previo \u00e1 inclusi\u00f3n, informarlles do contido da presente clausula, #de acordo con o establecido no Regulamento Xeral (UE) 2016\/679 de Protecci\u00f3n de Datos.<\/p>\n\n\n\n<p>PATRIMONEA como responsable da Actividade de Tratamento, garante o exercicio dos dereitos de acceso, rectificaci\u00f3n, supresi\u00f3n, limitaci\u00f3n, oposici\u00f3n e portabilidad dos datos achegados, segundo o disposto no Regulamento Xeral (UE) 2016\/679 de Protecci\u00f3n de Datos, o USUARIO poder\u00e1 exercer en todo momento os dereitos, dirixindo un escrito ao domicilio social, anexando copia do DNI ou Pasaporte.<\/p>\n\n\n\n<p>PATRIMONEA garante que todas as comunicaci\u00f3ns comerciais que dirixe aos seus clientes cumpren a normativa vixente.<\/p>\n\n\n\n<p>Por iso, en cumprimento da Lei 34\/2002 de Servizos da Sociedade da Informaci\u00f3n e de Comercio Electr\u00f3nico e a Lei 9\/2014 Xeneral de Telecomunicaci\u00f3ns, inf\u00f3rmase o USUARIO que PATRIMONEA poder\u00e1 enviarlle por medios electr\u00f3nicos informaci\u00f3n acerca de produtos e servizos de interese ao que Vde. presta o seu consentimento. En calquera momento poder\u00e1 revogar esta autorizaci\u00f3n na direcci\u00f3n info@patrimonea.com<\/p>\n","protected":false},"excerpt":{"rendered":"<p>Datos identificativos En cumprimento do deber de informaci\u00f3n recollido no artigo 10 da Lei 34\/2002, do 11 de xullo, de Servizos da Sociedade da Informaci\u00f3n e do Comercio electr\u00f3nico, a continuaci\u00f3n refl\u00edctense os seguintes datos: o titular de www.patrimonea.com \u00e9 DAR\u00cdO REY SU\u00c1REZ (en diante PATRIMONEA), con NIF 78.811.940-W e domicilio para estes efectos en [&hellip;]<\/p>\n","protected":false},"author":1,"featured_media":0,"parent":0,"menu_order":0,"comment_status":"closed","ping_status":"closed","template":"","meta":{"_acf_changed":false,"inline_featured_image":false,"footnotes":""},"class_list":["post-1791","page","type-page","status-publish","hentry"],"acf":[],"yoast_head":"<!-- This site is optimized with the Yoast SEO plugin v23.7 - https:\/\/yoast.com\/wordpress\/plugins\/seo\/ -->\n<title>Pol\u00edtica de Privacidade - Patrimonea<\/title>\n<meta name=\"robots\" content=\"noindex, nofollow\" \/>\n<meta property=\"og:locale\" content=\"gl_ES\" \/>\n<meta property=\"og:type\" content=\"article\" \/>\n<meta property=\"og:title\" content=\"Pol\u00edtica de Privacidade - Patrimonea\" \/>\n<meta property=\"og:description\" content=\"Datos identificativos En cumprimento do deber de informaci\u00f3n recollido no artigo 10 da Lei 34\/2002, do 11 de xullo, de Servizos da Sociedade da Informaci\u00f3n e do Comercio electr\u00f3nico, a continuaci\u00f3n refl\u00edctense os seguintes datos: o titular de www.patrimonea.com \u00e9 DAR\u00cdO REY SU\u00c1REZ (en diante PATRIMONEA), con NIF 78.811.940-W e domicilio para estes efectos en [&hellip;]\" \/>\n<meta property=\"og:url\" content=\"https:\/\/patrimonea.com\/gl\/politica-de-privacidad\/\" \/>\n<meta property=\"og:site_name\" content=\"Patrimonea\" \/>\n<meta property=\"article:modified_time\" content=\"2024-10-24T06:12:47+00:00\" \/>\n<meta name=\"twitter:card\" content=\"summary_large_image\" \/>\n<meta name=\"twitter:label1\" content=\"Tempo de lectura\" \/>\n\t<meta name=\"twitter:data1\" content=\"4 minutos\" \/>\n<script type=\"application\/ld+json\" class=\"yoast-schema-graph\">{\"@context\":\"https:\/\/schema.org\",\"@graph\":[{\"@type\":\"WebPage\",\"@id\":\"https:\/\/patrimonea.com\/gl\/politica-de-privacidad\/\",\"url\":\"https:\/\/patrimonea.com\/gl\/politica-de-privacidad\/\",\"name\":\"Pol\u00edtica de Privacidade - Patrimonea\",\"isPartOf\":{\"@id\":\"https:\/\/patrimonea.com\/#website\"},\"datePublished\":\"2024-08-22T09:34:00+00:00\",\"dateModified\":\"2024-10-24T06:12:47+00:00\",\"breadcrumb\":{\"@id\":\"https:\/\/patrimonea.com\/gl\/politica-de-privacidad\/#breadcrumb\"},\"inLanguage\":\"gl-ES\",\"potentialAction\":[{\"@type\":\"ReadAction\",\"target\":[\"https:\/\/patrimonea.com\/gl\/politica-de-privacidad\/\"]}]},{\"@type\":\"BreadcrumbList\",\"@id\":\"https:\/\/patrimonea.com\/gl\/politica-de-privacidad\/#breadcrumb\",\"itemListElement\":[{\"@type\":\"ListItem\",\"position\":1,\"name\":\"Portada\",\"item\":\"https:\/\/patrimonea.com\/\"},{\"@type\":\"ListItem\",\"position\":2,\"name\":\"Pol\u00edtica de Privacidade\"}]},{\"@type\":\"WebSite\",\"@id\":\"https:\/\/patrimonea.com\/#website\",\"url\":\"https:\/\/patrimonea.com\/\",\"name\":\"Patrimonea\",\"description\":\"\",\"potentialAction\":[{\"@type\":\"SearchAction\",\"target\":{\"@type\":\"EntryPoint\",\"urlTemplate\":\"https:\/\/patrimonea.com\/?s={search_term_string}\"},\"query-input\":{\"@type\":\"PropertyValueSpecification\",\"valueRequired\":true,\"valueName\":\"search_term_string\"}}],\"inLanguage\":\"gl-ES\"}]}<\/script>\n<!-- \/ Yoast SEO plugin. -->","yoast_head_json":{"title":"Pol\u00edtica de Privacidade - Patrimonea","robots":{"index":"noindex","follow":"nofollow"},"og_locale":"gl_ES","og_type":"article","og_title":"Pol\u00edtica de Privacidade - Patrimonea","og_description":"Datos identificativos En cumprimento do deber de informaci\u00f3n recollido no artigo 10 da Lei 34\/2002, do 11 de xullo, de Servizos da Sociedade da Informaci\u00f3n e do Comercio electr\u00f3nico, a continuaci\u00f3n refl\u00edctense os seguintes datos: o titular de www.patrimonea.com \u00e9 DAR\u00cdO REY SU\u00c1REZ (en diante PATRIMONEA), con NIF 78.811.940-W e domicilio para estes efectos en [&hellip;]","og_url":"https:\/\/patrimonea.com\/gl\/politica-de-privacidad\/","og_site_name":"Patrimonea","article_modified_time":"2024-10-24T06:12:47+00:00","twitter_card":"summary_large_image","twitter_misc":{"Tempo de lectura":"4 minutos"},"schema":{"@context":"https:\/\/schema.org","@graph":[{"@type":"WebPage","@id":"https:\/\/patrimonea.com\/gl\/politica-de-privacidad\/","url":"https:\/\/patrimonea.com\/gl\/politica-de-privacidad\/","name":"Pol\u00edtica de Privacidade - Patrimonea","isPartOf":{"@id":"https:\/\/patrimonea.com\/#website"},"datePublished":"2024-08-22T09:34:00+00:00","dateModified":"2024-10-24T06:12:47+00:00","breadcrumb":{"@id":"https:\/\/patrimonea.com\/gl\/politica-de-privacidad\/#breadcrumb"},"inLanguage":"gl-ES","potentialAction":[{"@type":"ReadAction","target":["https:\/\/patrimonea.com\/gl\/politica-de-privacidad\/"]}]},{"@type":"BreadcrumbList","@id":"https:\/\/patrimonea.com\/gl\/politica-de-privacidad\/#breadcrumb","itemListElement":[{"@type":"ListItem","position":1,"name":"Portada","item":"https:\/\/patrimonea.com\/"},{"@type":"ListItem","position":2,"name":"Pol\u00edtica de Privacidade"}]},{"@type":"WebSite","@id":"https:\/\/patrimonea.com\/#website","url":"https:\/\/patrimonea.com\/","name":"Patrimonea","description":"","potentialAction":[{"@type":"SearchAction","target":{"@type":"EntryPoint","urlTemplate":"https:\/\/patrimonea.com\/?s={search_term_string}"},"query-input":{"@type":"PropertyValueSpecification","valueRequired":true,"valueName":"search_term_string"}}],"inLanguage":"gl-ES"}]}},"_links":{"self":[{"href":"https:\/\/patrimonea.com\/gl\/wp-json\/wp\/v2\/pages\/1791","targetHints":{"allow":["GET"]}}],"collection":[{"href":"https:\/\/patrimonea.com\/gl\/wp-json\/wp\/v2\/pages"}],"about":[{"href":"https:\/\/patrimonea.com\/gl\/wp-json\/wp\/v2\/types\/page"}],"author":[{"embeddable":true,"href":"https:\/\/patrimonea.com\/gl\/wp-json\/wp\/v2\/users\/1"}],"replies":[{"embeddable":true,"href":"https:\/\/patrimonea.com\/gl\/wp-json\/wp\/v2\/comments?post=1791"}],"version-history":[{"count":1,"href":"https:\/\/patrimonea.com\/gl\/wp-json\/wp\/v2\/pages\/1791\/revisions"}],"predecessor-version":[{"id":1793,"href":"https:\/\/patrimonea.com\/gl\/wp-json\/wp\/v2\/pages\/1791\/revisions\/1793"}],"wp:attachment":[{"href":"https:\/\/patrimonea.com\/gl\/wp-json\/wp\/v2\/media?parent=1791"}],"curies":[{"name":"wp","href":"https:\/\/api.w.org\/{rel}","templated":true}]}}