{"id":1787,"date":"2024-08-26T11:52:33","date_gmt":"2024-08-26T09:52:33","guid":{"rendered":"https:\/\/patrimonea.com\/politica-de-cookies\/"},"modified":"2024-10-24T07:59:46","modified_gmt":"2024-10-24T05:59:46","slug":"politica-de-cookies","status":"publish","type":"page","link":"https:\/\/patrimonea.com\/gl\/politica-de-cookies\/","title":{"rendered":"Pol\u00edtica de Cookies"},"content":{"rendered":"\n<p>A web www.patrimonea.com utiliza cookies para facilitar a relaci\u00f3n dos visitantes co noso contido e para permitir elaborar estat\u00edsticas sobre as visitantes que recibimos. En cumprimento da Directiva 2009\/136\/CE, desenvolta no noso ordenamento polo apartado segundo do artigo 22 da Lei de Servizos de Sociedade da Informaci\u00f3n, seguindo as directrices da Axencia Espa\u00f1ola de Protecci\u00f3n de Datos, procedemos a informarlle detalladamente do uso que se realiza na nosa web.<\/p>\n\n\n\n<h2 class=\"wp-block-heading\">Que son as cookies?<\/h2>\n\n\n\n<p>Denom\u00ednanse cookies a uns pequenos arquivos que se gravan no navegador utilizado por cada visitante da nosa web para que o servidor poida lembrar a visita dese usuario con posterioridade cando volva acceder aos nosos contidos. Esta informaci\u00f3n non revela a s\u00faa identidade, nin dato persoal alg\u00fan, nin accede ao contido almacenado no seu pc, pero si que permite ao noso sistema identificarlle a vostede como un usuario (an\u00f3nimo) determinado que xa visitou a web con anterioridade, visualizou determinadas p\u00e1xinas, etc. e ademais permite gardar as s\u00faas preferencias persoais e informaci\u00f3n t\u00e9cnica por exemplo as visitas realizadas ou p\u00e1xinas concretas que visite.<\/p>\n\n\n\n<h2 class=\"wp-block-heading\">Xestionar Cookies<\/h2>\n\n\n\n<p>Se vostede non desexa que se garden cookies no seu navegador ou prefire recibir unha informaci\u00f3n cada vez que unha cookie solicite instalarse, pode configurar as s\u00faas opci\u00f3ns de navegaci\u00f3n para que se faga desa forma. A maior parte dos navegadores permiten a xesti\u00f3n das cookies de 3 formas diferentes: As cookies son sempre rexeitadas.<\/p>\n\n\n\n<ul class=\"wp-block-list\">\n<li>O navegador pregunta se o usuario desexa instalar cada cookie.<\/li>\n\n\n\n<li>As cookies son sempre aceptadas.<\/li>\n<\/ul>\n\n\n\n<p>O seu navegador tam\u00e9n pode inclu\u00edr a posibilidade de seleccionar con detalle as cookies que desexa que se instalen no seu computador. En concreto, o usuario pode normalmente aceptar algunha das seguintes opci\u00f3ns:<\/p>\n\n\n\n<ul class=\"wp-block-list\">\n<li>rexeitar as cookies de determinados dominios;<\/li>\n\n\n\n<li>rexeitar as cookies de terceiros;<\/li>\n\n\n\n<li>aceptar cookies como non persistentes (elim\u00ednanse cando o navegador p\u00e9chase);<\/li>\n\n\n\n<li>permitir ao servidor crear cookies para un dominio diferente.<\/li>\n<\/ul>\n\n\n\n<p>Pode atopar informaci\u00f3n sobre como configurar os navegadores m\u00e1is usados nas seguintes ligaz\u00f3ns:<\/p>\n\n\n\n<ul class=\"wp-block-list\">\n<li><a href=\"http:\/\/support.google.com\/chrome\/bin\/answer.py?hl=es&amp;answer=95647\" target=\"_blank\" rel=\"noreferrer noopener\">Google Chrome<\/a><\/li>\n\n\n\n<li><a href=\"http:\/\/windows.microsoft.com\/es-es\/windows7\/how-to-manage-cookies-in-internet-explorer-9\" target=\"_blank\" rel=\"noreferrer noopener\">Internet Explorer<\/a><\/li>\n\n\n\n<li><a href=\"http:\/\/support.mozilla.org\/kb\/habilitar-y-deshabilitar-cookies-que-los-sitios-we\" target=\"_blank\" rel=\"noreferrer noopener\">Mozilla Firefox<\/a>&nbsp;\u2013&nbsp;<a href=\"http:\/\/support.mozilla.org\/kb\/Borrar%20cookies\" target=\"_blank\" rel=\"noreferrer noopener\">(Borrar Cookies en Mozilla Firefox)<\/a><\/li>\n\n\n\n<li><a href=\"http:\/\/support.apple.com\/kb\/ph5042\" target=\"_blank\" rel=\"noreferrer noopener\">Safari<\/a>&nbsp;\u2013&nbsp;<a href=\"http:\/\/es.wikihow.com\/borrar-cookies-en-Safari\" target=\"_blank\" rel=\"noreferrer noopener\">(Borrar Cookies en Safari)<\/a><\/li>\n<\/ul>\n\n\n\n<p>Respecto das cookies de terceiros, \u00e9 dicir aquelas que son alleas ao noso sitio web, non podemos facernos responsables do contido e veracidade das pol\u00edticas de privacidade que eles incl\u00faen polo que a informaci\u00f3n que lle ofrecemos \u00e9 sempre con referencia \u00e1 fonte. En caso de d\u00fabidas dir\u00edxase ao webmaster do dominio creador da cookie.<\/p>\n\n\n\n<p>Se desexa consultar as condici\u00f3ns completas de uso do sitio www.patrimonea.com pode facelo nesta ligaz\u00f3n.<\/p>\n\n\n\n<p>A continuaci\u00f3n inform\u00e1moslle detalladamente das cookies que poden instalarse desde o noso sitio www.patrimonea.com. En funci\u00f3n da s\u00faa navegaci\u00f3n poder\u00e1n instalarse todas ou s\u00f3 algunhas delas.<\/p>\n\n\n\n<figure class=\"wp-block-table\"><table class=\"has-fixed-layout\"><thead><tr><th>Dominio<\/th><th>Nombre de la Cookie<\/th><th>Descripci\u00f3n<\/th><th>Tiempo de caducidad<\/th><th>M\u00e1s Informaci\u00f3n<\/th><\/tr><\/thead><tbody><tr><td>www.patrimonea.com<\/td><td>PHPSESSID<\/td><td>Cookie utilizada por el lenguaje de programaci\u00f3n PHP para permitir que las variables de sesi\u00f3n sean guardadas en el servidor web. Esta cookie es esencial para el funcionamiento de la web.<\/td><td>Fecha de caducidad: Al cerrar sessi\u00f3n<\/td><td><a href=\"http:\/\/www.patrimonea.com\/aviso-legal\" target=\"_blank\" rel=\"noreferrer noopener\">Pol\u00edtica de Privacidad<\/a><\/td><\/tr><tr><td>www.patrimonea.com<\/td><td>_ga<\/td><td>Google Analytics es una herramienta gratuita de an\u00e1lisis web de Google que principalmente permite que los propietarios de sitios web conozcan c\u00f3mo interact\u00faan los usuarios con su sitio web. Asimismo, habilita cookies para recopilar informaci\u00f3n de forma an\u00f3nima y elaborar informes de tendencias de sitios web sin identificar a usuarios individuales.<\/td><td>Fecha de caducidad: 24 meses (2 a\u00f1os)<\/td><td><a href=\"https:\/\/policies.google.com\/privacy?hl=es\" target=\"_blank\" rel=\"noreferrer noopener\">Pol\u00edtica de Privacidad<\/a><\/td><\/tr><tr><td>www.patrimonea.com<\/td><td>_gid<\/td><td>Anal\u00edtica (servicio Google Analytics): Se usa para distinguir a los usuarios. Utilizamos cookies de Google Analytics embebidas en nuestro sitio web para recopilar informaci\u00f3n acerca de c\u00f3mo los visitantes navegan en nuestro sitio web. Utilizamos la informaci\u00f3n para elaborar informes y ayudar a mejorar el sitio. Las cookies recopilan informaci\u00f3n de forma an\u00f3nima, incluyendo el n\u00famero de visitantes, de donde vienen y las p\u00e1ginas que han visitado en nuestra web.<\/td><td>Fecha de caducidad: 1 dia<\/td><td><a href=\"https:\/\/policies.google.com\/privacy?hl=es\" target=\"_blank\" rel=\"noreferrer noopener\">Pol\u00edtica de Privacidad<\/a><\/td><\/tr><tr><td>www.patrimonea.com<\/td><td>_gat<\/td><td>Anal\u00edtica (servicio Google Analytics): Se usa para limitar el porcentaje de solicitudes. Utilizamos cookies de Google Analytics embebidas en nuestro sitio web para recopilar informaci\u00f3n acerca de c\u00f3mo los visitantes navegan en nuestro sitio web. Utilizamos la informaci\u00f3n para elaborar informes y ayudar a mejorar el sitio. Las cookies recopilan informaci\u00f3n de forma an\u00f3nima, incluyendo el n\u00famero de visitantes, de donde vienen y las p\u00e1ginas que han visitado en nuestra web.<\/td><td>Fecha de caducidad: 10 minutos<\/td><td><a href=\"https:\/\/policies.google.com\/privacy?hl=es\" target=\"_blank\" rel=\"noreferrer noopener\">Pol\u00edtica de Privacidad<\/a><\/td><\/tr><tr><td>www.patrimonea.com<\/td><td>wp_settings_1, wp_settings_time_1<\/td><td>Instalan cookies t\u00e9cnicas que nos facilitan el env\u00edo de formularios as\u00ed como la identificaci\u00f3n del usuario cuando \u00e9ste se registra en WordPress.<\/td><td>Fecha de caducidad: 1 a\u00f1o desde inicio de sesi\u00f3n.<\/td><td><a href=\"http:\/\/www.patrimonea.com\/aviso-legal\" target=\"_blank\" rel=\"noreferrer noopener\">Pol\u00edtica de Privacidad<\/a><\/td><\/tr><tr><td>www.patrimonea.com<\/td><td>wp_test_cookie<\/td><td>Instalan cookies t\u00e9cnicas que nos facilitan el env\u00edo de formularios as\u00ed como la identificaci\u00f3n del usuario cuando \u00e9ste se registra en WordPress.<\/td><td>Fecha de caducidad: de sesi\u00f3n.<\/td><td><a href=\"http:\/\/www.patrimonea.com\/aviso-legal\" target=\"_blank\" rel=\"noreferrer noopener\">Pol\u00edtica de Privacidad<\/a><\/td><\/tr><tr><td>www.patrimonea.com<\/td><td>gp_cookies_closed<\/td><td>Cookie que indica que el usuario ha cerrado la ventana de preferencias de cookies.<\/td><td>Fecha de caducidad: 24 meses (2 a\u00f1os)<\/td><td><a href=\"https:\/\/www.patrimonea.com\/aviso-legal\/\/\">Pol\u00edtica de Privacidad<\/a><\/td><\/tr><tr><td>www.patrimonea.com<\/td><td>gp_cookies_groups<\/td><td>Cookie que recoge los grupos de cookies que el usuario acepta que instalemos.<\/td><td>Fecha de caducidad: 24 meses (2 a\u00f1os)<\/td><td><a href=\"https:\/\/www.patrimonea.com\/aviso-legal\/\/\">Pol\u00edtica de Privacidad<\/a><\/td><\/tr><tr><td>google.com<\/td><td>1P_JAR<\/td><td>Almacenamiento de las preferencias de usuario de google.<\/td><td>Fecha de caducidad: 1 semana<\/td><td><a href=\"http:\/\/www.google.com\/intl\/es_ALL\/privacypolicy.html\" target=\"_blank\" rel=\"noreferrer noopener\">Pol\u00edtica de Privacidad<\/a><\/td><\/tr><tr><td>google.com<\/td><td>NID, AID, ANID, identificador de canal<\/td><td>Recopila de forma an\u00f3nima los h\u00e1bitos de uso del sitio de los visitantes y las p\u00e1ginas que han visto.<\/td><td>Fecha de caducidad: 6 meses<\/td><td><a href=\"http:\/\/www.google.com\/intl\/es_ALL\/privacypolicy.html\" target=\"_blank\" rel=\"noreferrer noopener\">Pol\u00edtica de Privacidad<\/a><\/td><\/tr><tr><td>google.com<\/td><td>CONSENT<\/td><td>Publicitaria. Mejora la publicidad, suele utilizarse para orientarse al usuario.<\/td><td>Fecha de caducidad: 6 meses<\/td><td><a href=\"http:\/\/www.google.com\/intl\/es_ALL\/privacypolicy.html\" target=\"_blank\" rel=\"noreferrer noopener\">Pol\u00edtica de Privacidad<\/a><\/td><\/tr><tr><td>google.com<\/td><td>__Secure-3PAPISID, __Secure-3PSID, __Secure-APISID, __Secure-HSID, __Secure-SSID<\/td><td>Publicitaria. Estas cookies se utilizan para entregar anuncios m\u00e1s relevantes para usted y sus intereses<\/td><td>Fecha de caducidad: 2 a\u00f1os<\/td><td><a href=\"https:\/\/policies.google.com\/technologies\/ads?hl=es\">Pol\u00edtica de Privacidad<\/a><\/td><\/tr><tr><td>doubleclick.net<\/td><td>DSID, IDE<\/td><td>Cookie de DoubleClick, que es utilizado por Google AdSense para grabar y producir informes sobre las acciones del usuario en el sitio web despu\u00e9s de ver o hacer clic en uno de los anunciantes de publicidad con el fin de medir la efectividad de la publicidad y la presentaci\u00f3n de los anuncios dirigidos al usuario.<\/td><td>Fecha de caducidad: 2 a\u00f1os<\/td><td><a href=\"https:\/\/policies.google.com\/technologies\/ads?hl=es\">Pol\u00edtica de Privacidad<\/a><\/td><\/tr><\/tbody><\/table><\/figure>\n\n\n\n<h2 class=\"wp-block-heading\">Que podes facer coas cookies?<\/h2>\n\n\n\n<p>Cando accedes por primeira vez \u00e1 nosa p\u00e1xina web, m\u00f3straseche unha xanela na que che informamos que as cookies poden ser de varios tipos:<\/p>\n\n\n\n<ul class=\"wp-block-list\">\n<li>As cookies t\u00e9cnicas son necesarias para que a nosa p\u00e1xina web poida funcionar, non necesitan da t\u00faa autorizaci\u00f3n e son as \u00fanicas que temos activadas por defecto.<\/li>\n\n\n\n<li>O resto de cookies serven para mellorar a nosa p\u00e1xina, para personalizala en base \u00e1s t\u00faas preferencias, ou para poder mostrarche publicidade axustada \u00e1s t\u00faas procuras, gustos e intereses persoais. Todas elas t\u00e9molas desactivadas por defecto, pero podes activalas na nosa apartado CONFIGURACI\u00d3N DE COOKIES: toma o control e goza dunha navegaci\u00f3n personalizada na nosa p\u00e1xina, cun paso tan sinxelo e r\u00e1pido como a marcaci\u00f3n das casas que ti queiras.<\/li>\n<\/ul>\n\n\n\n<p>Informarche tam\u00e9n que, unha vez que activases calquera tipo de cookies, tes a posibilidade de desactivalas no momento que desexes, co simple paso de desmarcar a casa correspondente na apartado CONFIGURACI\u00d3N DE COOKIES da nosa p\u00e1xina web. Sempre ser\u00e1 tan sinxelo para ti activar as nosas cookies propias como desactivalas.<\/p>\n\n\n\n<p>Lembrarche as\u00ed mesmo que, a trav\u00e9s da configuraci\u00f3n do teu navegador, podes bloquear ou alertar da presenza de cookies, a\u00ednda que devandito bloqueo pode afectar ao correcto funcionamento das distintas funcionalidades da nosa p\u00e1xina web no caso das cookies t\u00e9cnicas necesarias.<\/p>\n\n\n\n<p>Por \u00faltimo, indicarche que, se activas cookies de terceiros (empresas externas que prestan servizos para a nosa p\u00e1xina web) e posteriormente desexas desactivalas, poder\u00e1s facelo de d\u00faas formas: usando as ferramentas de desactivaci\u00f3n de cookies do teu navegador ou a trav\u00e9s dos propios sistemas habilitados polos devanditos provedores externos.<\/p>\n\n\n\n<p>Para que che sexa moito m\u00e1is f\u00e1cil, a continuaci\u00f3n relacion\u00e1mosche unha serie de ligaz\u00f3ns \u00e1s pautas de desactivaci\u00f3n de cookies dos navegadores de uso com\u00fan:<\/p>\n\n\n\n<ul class=\"wp-block-list\">\n<li><a href=\"https:\/\/support.google.com\/accounts\/answer\/61416?co=GENIE.Platform%3DDesktop&amp;hl=es\" target=\"_blank\" rel=\"noreferrer noopener\">Google Chrome<\/a>.<\/li>\n\n\n\n<li><a href=\"https:\/\/support.mozilla.org\/es\/kb\/Borrar%20cookies\" target=\"_blank\" rel=\"noreferrer noopener\">Mozilla Firefox<\/a>.<\/li>\n\n\n\n<li><a href=\"https:\/\/support.microsoft.com\/es-es\/help\/278835\/how-to-delete-cookie-files-in-internet-explorer\" target=\"_blank\" rel=\"noreferrer noopener\">Internet Explorer.<\/a><\/li>\n\n\n\n<li><a href=\"https:\/\/support.apple.com\/es-es\/guide\/safari\/sfri11471\/mac\" target=\"_blank\" rel=\"noreferrer noopener\">Safari.<\/a><\/li>\n\n\n\n<li><a href=\"https:\/\/support.apple.com\/es-es\/HT201265\" target=\"_blank\" rel=\"noreferrer noopener\">Safari para IOS (iPhone y iPad).<\/a><\/li>\n\n\n\n<li><a href=\"https:\/\/support.google.com\/accounts\/answer\/61416?co=GENIE.Platform%3DAndroid&amp;hl=es&amp;oco=1\" target=\"_blank\" rel=\"noreferrer noopener\">Google Chrome para Android.<\/a><\/li>\n\n\n\n<li><a href=\"https:\/\/support.google.com\/accounts\/answer\/61416?co=GENIE.Platform%3DiOS&amp;hl=es&amp;oco=1\" target=\"_blank\" rel=\"noreferrer noopener\">Google Chrome para Iphone y Ipad.<\/a><\/li>\n<\/ul>\n\n\n\n<p><strong>Como xestionar a configuraci\u00f3n das cookies?<\/strong><\/p>\n\n\n\n<p>Cando o usuario accede por primeira vez \u00e1 nosa p\u00e1xina web, m\u00f3straselle unha xanela e ind\u00edcaselle que poder\u00e1 aceptar as cookies, configurar o tratamento ou rexeitalas.<\/p>\n\n\n\n<p>Neste sentido, a continuaci\u00f3n, facil\u00edtaselle un panel de configuraci\u00f3n que lle permitir\u00e1 aceptar ou rexeitar a instalaci\u00f3n das cookies, salvo aquelas estritamente necesarias, sen as cales a web non funcionar\u00eda correctamente ou non permitir\u00edan prestar o servizo solicitado ao usuario.<\/p>\n\n\n\n<p><a href=\"#\">Configurar cookies<\/a><\/p>\n","protected":false},"excerpt":{"rendered":"<p>A web www.patrimonea.com utiliza cookies para facilitar a relaci\u00f3n dos visitantes co noso contido e para permitir elaborar estat\u00edsticas sobre as visitantes que recibimos. En cumprimento da Directiva 2009\/136\/CE, desenvolta no noso ordenamento polo apartado segundo do artigo 22 da Lei de Servizos de Sociedade da Informaci\u00f3n, seguindo as directrices da Axencia Espa\u00f1ola de Protecci\u00f3n [&hellip;]<\/p>\n","protected":false},"author":1,"featured_media":0,"parent":0,"menu_order":0,"comment_status":"closed","ping_status":"closed","template":"","meta":{"_acf_changed":false,"inline_featured_image":false,"footnotes":""},"class_list":["post-1787","page","type-page","status-publish","hentry"],"acf":[],"yoast_head":"<!-- This site is optimized with the Yoast SEO plugin v23.7 - https:\/\/yoast.com\/wordpress\/plugins\/seo\/ -->\n<title>Pol\u00edtica de Cookies - Patrimonea<\/title>\n<meta name=\"robots\" content=\"noindex, nofollow\" \/>\n<meta property=\"og:locale\" content=\"gl_ES\" \/>\n<meta property=\"og:type\" content=\"article\" \/>\n<meta property=\"og:title\" content=\"Pol\u00edtica de Cookies - Patrimonea\" \/>\n<meta property=\"og:description\" content=\"A web www.patrimonea.com utiliza cookies para facilitar a relaci\u00f3n dos visitantes co noso contido e para permitir elaborar estat\u00edsticas sobre as visitantes que recibimos. En cumprimento da Directiva 2009\/136\/CE, desenvolta no noso ordenamento polo apartado segundo do artigo 22 da Lei de Servizos de Sociedade da Informaci\u00f3n, seguindo as directrices da Axencia Espa\u00f1ola de Protecci\u00f3n [&hellip;]\" \/>\n<meta property=\"og:url\" content=\"https:\/\/patrimonea.com\/gl\/politica-de-cookies\/\" \/>\n<meta property=\"og:site_name\" content=\"Patrimonea\" \/>\n<meta property=\"article:modified_time\" content=\"2024-10-24T05:59:46+00:00\" \/>\n<meta name=\"twitter:card\" content=\"summary_large_image\" \/>\n<meta name=\"twitter:label1\" content=\"Tempo de lectura\" \/>\n\t<meta name=\"twitter:data1\" content=\"7 minutos\" \/>\n<script type=\"application\/ld+json\" class=\"yoast-schema-graph\">{\"@context\":\"https:\/\/schema.org\",\"@graph\":[{\"@type\":\"WebPage\",\"@id\":\"https:\/\/patrimonea.com\/gl\/politica-de-cookies\/\",\"url\":\"https:\/\/patrimonea.com\/gl\/politica-de-cookies\/\",\"name\":\"Pol\u00edtica de Cookies - Patrimonea\",\"isPartOf\":{\"@id\":\"https:\/\/patrimonea.com\/#website\"},\"datePublished\":\"2024-08-26T09:52:33+00:00\",\"dateModified\":\"2024-10-24T05:59:46+00:00\",\"breadcrumb\":{\"@id\":\"https:\/\/patrimonea.com\/gl\/politica-de-cookies\/#breadcrumb\"},\"inLanguage\":\"gl-ES\",\"potentialAction\":[{\"@type\":\"ReadAction\",\"target\":[\"https:\/\/patrimonea.com\/gl\/politica-de-cookies\/\"]}]},{\"@type\":\"BreadcrumbList\",\"@id\":\"https:\/\/patrimonea.com\/gl\/politica-de-cookies\/#breadcrumb\",\"itemListElement\":[{\"@type\":\"ListItem\",\"position\":1,\"name\":\"Portada\",\"item\":\"https:\/\/patrimonea.com\/\"},{\"@type\":\"ListItem\",\"position\":2,\"name\":\"Pol\u00edtica de Cookies\"}]},{\"@type\":\"WebSite\",\"@id\":\"https:\/\/patrimonea.com\/#website\",\"url\":\"https:\/\/patrimonea.com\/\",\"name\":\"Patrimonea\",\"description\":\"\",\"potentialAction\":[{\"@type\":\"SearchAction\",\"target\":{\"@type\":\"EntryPoint\",\"urlTemplate\":\"https:\/\/patrimonea.com\/?s={search_term_string}\"},\"query-input\":{\"@type\":\"PropertyValueSpecification\",\"valueRequired\":true,\"valueName\":\"search_term_string\"}}],\"inLanguage\":\"gl-ES\"}]}<\/script>\n<!-- \/ Yoast SEO plugin. -->","yoast_head_json":{"title":"Pol\u00edtica de Cookies - Patrimonea","robots":{"index":"noindex","follow":"nofollow"},"og_locale":"gl_ES","og_type":"article","og_title":"Pol\u00edtica de Cookies - Patrimonea","og_description":"A web www.patrimonea.com utiliza cookies para facilitar a relaci\u00f3n dos visitantes co noso contido e para permitir elaborar estat\u00edsticas sobre as visitantes que recibimos. En cumprimento da Directiva 2009\/136\/CE, desenvolta no noso ordenamento polo apartado segundo do artigo 22 da Lei de Servizos de Sociedade da Informaci\u00f3n, seguindo as directrices da Axencia Espa\u00f1ola de Protecci\u00f3n [&hellip;]","og_url":"https:\/\/patrimonea.com\/gl\/politica-de-cookies\/","og_site_name":"Patrimonea","article_modified_time":"2024-10-24T05:59:46+00:00","twitter_card":"summary_large_image","twitter_misc":{"Tempo de lectura":"7 minutos"},"schema":{"@context":"https:\/\/schema.org","@graph":[{"@type":"WebPage","@id":"https:\/\/patrimonea.com\/gl\/politica-de-cookies\/","url":"https:\/\/patrimonea.com\/gl\/politica-de-cookies\/","name":"Pol\u00edtica de Cookies - Patrimonea","isPartOf":{"@id":"https:\/\/patrimonea.com\/#website"},"datePublished":"2024-08-26T09:52:33+00:00","dateModified":"2024-10-24T05:59:46+00:00","breadcrumb":{"@id":"https:\/\/patrimonea.com\/gl\/politica-de-cookies\/#breadcrumb"},"inLanguage":"gl-ES","potentialAction":[{"@type":"ReadAction","target":["https:\/\/patrimonea.com\/gl\/politica-de-cookies\/"]}]},{"@type":"BreadcrumbList","@id":"https:\/\/patrimonea.com\/gl\/politica-de-cookies\/#breadcrumb","itemListElement":[{"@type":"ListItem","position":1,"name":"Portada","item":"https:\/\/patrimonea.com\/"},{"@type":"ListItem","position":2,"name":"Pol\u00edtica de Cookies"}]},{"@type":"WebSite","@id":"https:\/\/patrimonea.com\/#website","url":"https:\/\/patrimonea.com\/","name":"Patrimonea","description":"","potentialAction":[{"@type":"SearchAction","target":{"@type":"EntryPoint","urlTemplate":"https:\/\/patrimonea.com\/?s={search_term_string}"},"query-input":{"@type":"PropertyValueSpecification","valueRequired":true,"valueName":"search_term_string"}}],"inLanguage":"gl-ES"}]}},"_links":{"self":[{"href":"https:\/\/patrimonea.com\/gl\/wp-json\/wp\/v2\/pages\/1787","targetHints":{"allow":["GET"]}}],"collection":[{"href":"https:\/\/patrimonea.com\/gl\/wp-json\/wp\/v2\/pages"}],"about":[{"href":"https:\/\/patrimonea.com\/gl\/wp-json\/wp\/v2\/types\/page"}],"author":[{"embeddable":true,"href":"https:\/\/patrimonea.com\/gl\/wp-json\/wp\/v2\/users\/1"}],"replies":[{"embeddable":true,"href":"https:\/\/patrimonea.com\/gl\/wp-json\/wp\/v2\/comments?post=1787"}],"version-history":[{"count":1,"href":"https:\/\/patrimonea.com\/gl\/wp-json\/wp\/v2\/pages\/1787\/revisions"}],"predecessor-version":[{"id":1789,"href":"https:\/\/patrimonea.com\/gl\/wp-json\/wp\/v2\/pages\/1787\/revisions\/1789"}],"wp:attachment":[{"href":"https:\/\/patrimonea.com\/gl\/wp-json\/wp\/v2\/media?parent=1787"}],"curies":[{"name":"wp","href":"https:\/\/api.w.org\/{rel}","templated":true}]}}