{"id":1783,"date":"2024-08-22T09:07:52","date_gmt":"2024-08-22T07:07:52","guid":{"rendered":"https:\/\/patrimonea.com\/aviso_legal\/"},"modified":"2024-10-24T02:48:38","modified_gmt":"2024-10-24T00:48:38","slug":"aviso_legal","status":"publish","type":"page","link":"https:\/\/patrimonea.com\/gl\/aviso_legal\/","title":{"rendered":"Aviso Legal"},"content":{"rendered":"\n<p><h2>Datos identificativos<\/h2><\/p>\n\n\n\n<p>En cumprimento do deber de informaci\u00f3n recollido no artigo 10 da Lei 34\/2002, do 11 de xullo, de Servizos da Sociedade da Informaci\u00f3n e do Comercio electr\u00f3nico, a continuaci\u00f3n refl\u00edctense os seguintes datos: o titular de www.patrimonea.com \u00e9 DAR\u00cdO REY SU\u00c1REZ (en diante PATRIMONEA), con NIF 78.811.940-W e domicilio para estes efectos en Lugar de Subres, San Tirso de Cornado, 8, 15822 Touro(A Coru\u00f1a) e con correo electr\u00f3nico de contacto: info@patrimonea.com<\/p>\n\n\n\n<p><h2>Usuarios<\/h2><\/p>\n\n\n\n<p>O acceso e\/o uso deste portal de PATRIMONEA atrib\u00fae a condici\u00f3n de USUARIO, que acepta, desde o devandito acceso e\/o uso, as Condici\u00f3ns Xerais de uso aqu\u00ed reflectidas. As citadas condici\u00f3ns ser\u00e1n de aplicaci\u00f3n independentemente das Condici\u00f3ns Xerais de Contrataci\u00f3n que no seu caso resulten de obrigado cumprimento.<\/p>\n\n\n\n<p><h2>Uso do portal<\/h2><\/p>\n\n\n\n<p>www.patrimonea.com proporciona o acceso a multitude de informaci\u00f3ns, servizos, programas ou datos (en diante, \u201cos contidos\u201d) na internet pertencentes a PATRIMONEA aos que o USUARIO poida ter acceso. O USUARIO asume a responsabilidade de uso do portal. Dita responsabilidade est\u00e9ndese ao rexistro que fose necesario para acceder a determinados servizos ou contidos.<\/p>\n\n\n\n<p>No devandito rexistro o USUARIO ser\u00e1 responsable de achegar informaci\u00f3n veraz e l\u00edcita. Como consecuencia deste rexistro, ao USUARIO p\u00f3deselle proporcionar un contrasinal da que ser\u00e1 responsable, compromet\u00e9ndose a facer un uso dilixente e confidencial da mesma. O USUARIO comprom\u00e9tese a facer un uso adecuado dos contidos e servizos que PATRIMONEA ofrece a trav\u00e9s da s\u00faa p\u00e1xina Web, compromet\u00e9ndose a non utilizalos para actividades que poidan ser il\u00edcitas, contrarias \u00e1 orde p\u00fablica, \u00e1 defensa nacional ou \u00e1 sa\u00fade p\u00fablica.<\/p>\n\n\n\n<p>En todo caso, PATRIMONEA res\u00e9rvase o dereito de modificar unilateralmente, en calquera momento e sen necesidade de aviso previo\/previo aviso, a estrutura e dese\u00f1o do sitio web: modificar ou eliminar servizos ou contidos, as\u00ed como as condici\u00f3ns de acceso e\/o uso do sitio web.<\/p>\n\n\n\n<p>Do mesmo xeito PATRIMONEA res\u00e9rvase o dereito para modificar en calquera momento as presentes condici\u00f3ns de uso, as\u00ed como calquera outras condici\u00f3ns particulares contidas no sitio web www.patrimonea.com<\/p>\n\n\n\n<p><h2>Protecci\u00f3n de datos de car\u00e1cter persoal<\/h2><\/p>\n\n\n\n<p>En cumprimento do establecido no Regulamento Xeral (UE) 2016\/679 de Protecci\u00f3n de Datos, comunicamos ao usuario que os datos persoais que nos facilite de forma voluntaria , por calquera dos nosos medios de recollida de informaci\u00f3n, van ser incorporados \u00e1s Actividades de Tratamento automatizados de datos de car\u00e1cter persoal titularidade de PATRIMONEA co fin de poderlle prestar os nosos servizos, as\u00ed como para manterlle informado sobre cuesti\u00f3ns relativas \u00e1 actividade da empresa e os seus servizos. Os campos marcados con \u201c*\u201d son de car\u00e1cter obrigatorio, polo que o non enchemento dos devanditos campos impedir\u00e1 ao USUARIO gozar dalg\u00fans dos Servizos e informaci\u00f3ns ofrecidas na Web. Os datos contidos neles ser\u00e1n tratados de forma confidencial.<\/p>\n\n\n\n<p>PATRIMONEA cumpre integramente coa lexislaci\u00f3n vixente en materia de protecci\u00f3n de datos de car\u00e1cter persoal, e cos compromisos de confidencialidade propios da s\u00faa actividade.<\/p>\n\n\n\n<p>PATRIMONEA adoptou as medidas t\u00e9cnicas necesarias para manter o nivel de seguridade requirido, segundo a natureza dos datos persoais tratados e as circunstancias do tratamento, co obxecto de evitar, na medida do posible e sempre segundo o estado da t\u00e9cnica, a s\u00faa alteraci\u00f3n, perda, tratamento ou acceso non autorizado. Para a realizaci\u00f3n da xesti\u00f3n antes mencionada pode ser necesario que se cedan os datos a encargados do tratamento, empresas colaboradoras e administraci\u00f3ns p\u00fablicas (as cales poden verificar a veracidade dos datos).<\/p>\n\n\n\n<p>No caso de que o USUARIO facilite datos de car\u00e1cter persoal, referentes a persoas f\u00edsicas distintas a si mesmo, o USUARIO deber\u00e1, con car\u00e1cter previo \u00e1 inclusi\u00f3n, informarlles do contido da presente clausula, #de acordo con o establecido no Regulamento Xeral (UE) 2016\/679 de Protecci\u00f3n de Datos.<\/p>\n\n\n\n<p>PATRIMONEA como responsable da Actividade de Tratamento, garante o exercicio dos dereitos de acceso, rectificaci\u00f3n, supresi\u00f3n, limitaci\u00f3n, oposici\u00f3n e portabilidad dos datos achegados, segundo o disposto no Regulamento Xeral (UE) 2016\/679 de Protecci\u00f3n de Datos, o USUARIO poder\u00e1 exercer en todo momento os dereitos, dirixindo un escrito ao domicilio social, anexando copia do DNI ou Pasaporte.<\/p>\n\n\n\n<p>PATRIMONEA garante que todas as comunicaci\u00f3ns comerciais que dirixe aos seus clientes cumpren a normativa vixente.<\/p>\n\n\n\n<p>Por iso, en cumprimento da Lei 34\/2002 de Servizos da Sociedade da Informaci\u00f3n e de Comercio Electr\u00f3nico e a Lei 9\/2014 Xeneral de Telecomunicaci\u00f3ns, inf\u00f3rmase o USUARIO que PATRIMONEA poder\u00e1 enviarlle por medios electr\u00f3nicos informaci\u00f3n acerca de produtos e servizos de interese ao que Vde. presta o seu consentimento.<\/p>\n\n\n\n<p>En calquera momento poder\u00e1 revogar esta autorizaci\u00f3n na direcci\u00f3n info@patrimonea.com<\/p>\n\n\n\n<p><h2>Uso de Cookies<\/h2><\/p>\n\n\n\n<p>Adv\u00edrtese ao USUARIO que este sitio web utiliza cookies. As cookies son pequenos arquivos de texto que se instalan no navegador do computador do USUARIO para rexistrar a s\u00faa actividade, enviando unha identificaci\u00f3n an\u00f3nima que se almacena no mesmo, coa finalidade de que a navegaci\u00f3n sexa m\u00e1is sinxela, permitindo por exemplo, o acceso aos USUARIOS que se rexistraron previamente e o acceso \u00e1s \u00e1reas, servizos, promoci\u00f3ns ou concursos reservados exclusivamente a eles sen ter que rexistrarse en cada visita. P\u00f3dense utilizar tam\u00e9n para medir a audiencia, par\u00e1metros do tr\u00e1fico e navegaci\u00f3n, tempo de sesi\u00f3n, e\/o controlar o progreso e n\u00famero de entradas. PATRIMONEA procurar\u00e1 en todo momento establecer mecanismos adecuados para obter o consentimento do USUARIO para a instalaci\u00f3n de cookies que o requiran. Non obstante o anterior, deber\u00e1 terse en conta que de conformidade coa lei, entenderase que (i)o USUARIO deu o seu consentimento se modifica a configuraci\u00f3n do navegador deshabilitando as restrici\u00f3ns que impiden a entrada de cookies e (ii)que o referido consentimento non ser\u00e1 preciso para a instalaci\u00f3n daquelas cookies que sexan estritamente necesarias para a prestaci\u00f3n dun servizo expresamente solicitado polo USUARIO (mediante rexistro previo).<\/p>\n\n\n\n<p>Pode ocorrer que algunhas cookies utilizadas neste sitio web non estean relacionadas con PATRIMONEA. Iso d\u00e9bese a que algunhas p\u00e1xinas do sitio web te\u00f1en inserido contido procedente de webs de terceiras partes (por exemplo un v\u00eddeo de Youtube).<\/p>\n\n\n\n<p>Debido a que o referido contido procede doutra web, PATRIMONEA non controla a configuraci\u00f3n de @dicha cookies. Se vostede quere cambiar as s\u00faas preferencias de configuraci\u00f3n de cookies, deber\u00e1 consultar os sitios web de @dicha terceiras partes para obter informaci\u00f3n.<\/p>\n\n\n\n<p><h2>Propiedade intelectual e industrial<\/h2><\/p>\n\n\n\n<p>PATRIMONEA por si ou como cesionaria, \u00e9 titular de todos os dereitos de propiedade intelectual e industrial da s\u00faa p\u00e1xina Web, as\u00ed como dos elementos contidos na mesma (a t\u00edtulo enunciativo, imaxes, son, audio, v\u00eddeo, software ou textos; marcas ou logotipos, combinaci\u00f3ns de cores, estrutura e dese\u00f1o..), quedando expresamente prohibidas a s\u00faa reproduci\u00f3n, distribuci\u00f3n e comunicaci\u00f3n p\u00fablica, inclu\u00edda a modalidade de posta ao dispor da totalidade ou parte dos contidos desta p\u00e1xina Web, en calquera soporte e por calquera medio t\u00e9cnico, sen a autorizaci\u00f3n de PATRIMONEA.<\/p>\n\n\n\n<p>O USUARIO comprom\u00e9tese a respectar os dereitos de Propiedade intelectual e Industrial titularidade de PATRIMONEA. O USUARIO deber\u00e1 absterse de suprimir, alterar, eludir ou manipular calquera dispositivo de protecci\u00f3n ou sistema de seguridade que estivese instalado na p\u00e1xina Web.<\/p>\n\n\n\n<p><h2>Exclusi\u00f3n de garant\u00edas e responsabilidade<\/h2><\/p>\n\n\n\n<p>PATRIMONEA non se fai responsable, en ning\u00fan caso, dos danos e prexu\u00edzos de calquera natureza que puidesen ocasionar, a t\u00edtulo enunciativo: erros ou omisi\u00f3ns nos contidos, falta de dispo\u00f1ibilidade do sitio web ou a trasmisi\u00f3n de virus ou programas maliciosos ou lesivos nos contidos, a pesar de adoptar todas as medidas tecnol\u00f3xicas necesarias para evitalo.<\/p>\n\n\n\n<p>Deficiencias do servizo, das redes de comunicaci\u00f3n, dos problemas resultantes do mal funcionamento ou uso de versi\u00f3ns non optimizadas de calquera navegador, posibles erros de seguridade que se poden producir nin dos posibles danos que se poidan causar no sistema inform\u00e1tico do USUARIO, aos ficheiros ou documentos almacenados no mesmo, como consecuencia da presenza de virus no computador do USUARIO utilizado para a conexi\u00f3n aos servizos e contidos do sitio web, avar\u00edas telef\u00f3nicas, interferencias, omisi\u00f3ns ou desconexi\u00f3ns no funcionamento operativo do sistema electr\u00f3nico motivados por causas alleas a PATRIMONEA; do co\u00f1ecemento que poidan ter terceiros non autorizados da clase, condici\u00f3ns, caracter\u00edsticas e circunstancias de acceso e uso que os USUARIOS fan do sitio web e das informaci\u00f3ns e servizos. Do uso il\u00edcito, neglixente, fraudulento, contrario \u00e1s presentes Condici\u00f3ns Xerais, \u00e1 boa fe, aos usos xerais aceptados ou \u00e1 orde p\u00fablica, do sitio web, os seus servizos ou contidos, por parte dos USUARIOS.<\/p>\n\n\n\n<p><h2>Modificaci\u00f3ns<\/h2><\/p>\n\n\n\n<p>PATRIMONEA res\u00e9rvase o dereito para efectuar sen aviso previo\/previo aviso as modificaci\u00f3ns que considere oportunas na p\u00e1xina web, podendo cambiar, suprimir ou engadir tanto contidos e servizos que se presten a trav\u00e9s da mesma como a forma na que estes aparezan presentados ou localizados no seu portal.<\/p>\n\n\n\n<p><h2>Ligaz\u00f3ns<\/h2><\/p>\n\n\n\n<p>No caso de que www.patrimonea.com dispux\u00e9sense ligaz\u00f3ns ou hiperv\u00ednculos cara a outros sitios da internet, PATRIMONEA non exercer\u00e1 ning\u00fan tipo de control sobre os devanditos sitios e contido. Baixo ningunha circunstancia, PATRIMONEA asumir\u00e1 responsabilidade algunha polos contidos dalgunha ligaz\u00f3n pertencente a un sitio web alleo, nin garantir\u00e1 a dispo\u00f1ibilidade t\u00e9cnica, calidade fiabilidade, exactitude, amplitude, veracidade, validez e constitucionalidade de calquera material ou informaci\u00f3n contida en ning\u00fan de devanditos hiperv\u00ednculos ou outros sitios da internet. Igualmente a inclusi\u00f3n destas conexi\u00f3ns externas non implicar\u00e1 ning\u00fan tipo de asociaci\u00f3n, fusi\u00f3n ou participaci\u00f3n coas entidades conectadas.<\/p>\n\n\n\n<p><h2>Dereito de exclusi\u00f3n<\/h2><\/p>\n\n\n\n<p>PATRIMONEA res\u00e9rvase o dereito de bloquear o acceso dun USUARIO #ante calquera indicio de utilizaci\u00f3n fraudulenta dos servizos ofrecidos sen necesidade de aviso previo\/previo aviso, a instancia propia ou dun terceiro, a aqueles usuarios que incumpran as presentes condici\u00f3ns Xerais de Uso.<\/p>\n\n\n\n<p><h2>Xeneralidades<\/h2><\/p>\n\n\n\n<p>PATRIMONEA perseguir\u00e1 o incumprimento das presentes condici\u00f3ns as\u00ed como calquera utilizaci\u00f3n indebida do seu portal exercendo todas as acci\u00f3ns civ\u00eds e penais que lle poden corresponder en dereito.<\/p>\n\n\n\n<p><h2>Modificaci\u00f3n das presentes condici\u00f3ns e duraci\u00f3n<\/h2><\/p>\n\n\n\n<p>A relaci\u00f3n entre PATRIMONEA e o USUARIO rexerase pola normativa espa\u00f1ola vixente e calquera controversia someterase aos Xulgados e Tribunais de Santiago de Compostela.<\/p>\n","protected":false},"excerpt":{"rendered":"<p>Datos identificativos En cumprimento do deber de informaci\u00f3n recollido no artigo 10 da Lei 34\/2002, do 11 de xullo, de Servizos da Sociedade da Informaci\u00f3n e do Comercio electr\u00f3nico, a continuaci\u00f3n refl\u00edctense os seguintes datos: o titular de www.patrimonea.com \u00e9 DAR\u00cdO REY SU\u00c1REZ (en diante PATRIMONEA), con NIF 78.811.940-W e domicilio para estes efectos en [&hellip;]<\/p>\n","protected":false},"author":1,"featured_media":0,"parent":0,"menu_order":0,"comment_status":"closed","ping_status":"closed","template":"","meta":{"_acf_changed":false,"inline_featured_image":false,"footnotes":""},"class_list":["post-1783","page","type-page","status-publish","hentry"],"acf":[],"yoast_head":"<!-- This site is optimized with the Yoast SEO plugin v23.7 - https:\/\/yoast.com\/wordpress\/plugins\/seo\/ -->\n<title>Aviso Legal - Patrimonea<\/title>\n<meta name=\"robots\" content=\"noindex, nofollow\" \/>\n<meta property=\"og:locale\" content=\"gl_ES\" \/>\n<meta property=\"og:type\" content=\"article\" \/>\n<meta property=\"og:title\" content=\"Aviso Legal - Patrimonea\" \/>\n<meta property=\"og:description\" content=\"Datos identificativos En cumprimento do deber de informaci\u00f3n recollido no artigo 10 da Lei 34\/2002, do 11 de xullo, de Servizos da Sociedade da Informaci\u00f3n e do Comercio electr\u00f3nico, a continuaci\u00f3n refl\u00edctense os seguintes datos: o titular de www.patrimonea.com \u00e9 DAR\u00cdO REY SU\u00c1REZ (en diante PATRIMONEA), con NIF 78.811.940-W e domicilio para estes efectos en [&hellip;]\" \/>\n<meta property=\"og:url\" content=\"https:\/\/patrimonea.com\/gl\/aviso_legal\/\" \/>\n<meta property=\"og:site_name\" content=\"Patrimonea\" \/>\n<meta property=\"article:modified_time\" content=\"2024-10-24T00:48:38+00:00\" \/>\n<meta name=\"twitter:card\" content=\"summary_large_image\" \/>\n<meta name=\"twitter:label1\" content=\"Tempo de lectura\" \/>\n\t<meta name=\"twitter:data1\" content=\"8 minutos\" \/>\n<script type=\"application\/ld+json\" class=\"yoast-schema-graph\">{\"@context\":\"https:\/\/schema.org\",\"@graph\":[{\"@type\":\"WebPage\",\"@id\":\"https:\/\/patrimonea.com\/gl\/aviso_legal\/\",\"url\":\"https:\/\/patrimonea.com\/gl\/aviso_legal\/\",\"name\":\"Aviso Legal - Patrimonea\",\"isPartOf\":{\"@id\":\"https:\/\/patrimonea.com\/#website\"},\"datePublished\":\"2024-08-22T07:07:52+00:00\",\"dateModified\":\"2024-10-24T00:48:38+00:00\",\"breadcrumb\":{\"@id\":\"https:\/\/patrimonea.com\/gl\/aviso_legal\/#breadcrumb\"},\"inLanguage\":\"gl-ES\",\"potentialAction\":[{\"@type\":\"ReadAction\",\"target\":[\"https:\/\/patrimonea.com\/gl\/aviso_legal\/\"]}]},{\"@type\":\"BreadcrumbList\",\"@id\":\"https:\/\/patrimonea.com\/gl\/aviso_legal\/#breadcrumb\",\"itemListElement\":[{\"@type\":\"ListItem\",\"position\":1,\"name\":\"Portada\",\"item\":\"https:\/\/patrimonea.com\/\"},{\"@type\":\"ListItem\",\"position\":2,\"name\":\"Aviso Legal\"}]},{\"@type\":\"WebSite\",\"@id\":\"https:\/\/patrimonea.com\/#website\",\"url\":\"https:\/\/patrimonea.com\/\",\"name\":\"Patrimonea\",\"description\":\"\",\"potentialAction\":[{\"@type\":\"SearchAction\",\"target\":{\"@type\":\"EntryPoint\",\"urlTemplate\":\"https:\/\/patrimonea.com\/?s={search_term_string}\"},\"query-input\":{\"@type\":\"PropertyValueSpecification\",\"valueRequired\":true,\"valueName\":\"search_term_string\"}}],\"inLanguage\":\"gl-ES\"}]}<\/script>\n<!-- \/ Yoast SEO plugin. -->","yoast_head_json":{"title":"Aviso Legal - Patrimonea","robots":{"index":"noindex","follow":"nofollow"},"og_locale":"gl_ES","og_type":"article","og_title":"Aviso Legal - Patrimonea","og_description":"Datos identificativos En cumprimento do deber de informaci\u00f3n recollido no artigo 10 da Lei 34\/2002, do 11 de xullo, de Servizos da Sociedade da Informaci\u00f3n e do Comercio electr\u00f3nico, a continuaci\u00f3n refl\u00edctense os seguintes datos: o titular de www.patrimonea.com \u00e9 DAR\u00cdO REY SU\u00c1REZ (en diante PATRIMONEA), con NIF 78.811.940-W e domicilio para estes efectos en [&hellip;]","og_url":"https:\/\/patrimonea.com\/gl\/aviso_legal\/","og_site_name":"Patrimonea","article_modified_time":"2024-10-24T00:48:38+00:00","twitter_card":"summary_large_image","twitter_misc":{"Tempo de lectura":"8 minutos"},"schema":{"@context":"https:\/\/schema.org","@graph":[{"@type":"WebPage","@id":"https:\/\/patrimonea.com\/gl\/aviso_legal\/","url":"https:\/\/patrimonea.com\/gl\/aviso_legal\/","name":"Aviso Legal - Patrimonea","isPartOf":{"@id":"https:\/\/patrimonea.com\/#website"},"datePublished":"2024-08-22T07:07:52+00:00","dateModified":"2024-10-24T00:48:38+00:00","breadcrumb":{"@id":"https:\/\/patrimonea.com\/gl\/aviso_legal\/#breadcrumb"},"inLanguage":"gl-ES","potentialAction":[{"@type":"ReadAction","target":["https:\/\/patrimonea.com\/gl\/aviso_legal\/"]}]},{"@type":"BreadcrumbList","@id":"https:\/\/patrimonea.com\/gl\/aviso_legal\/#breadcrumb","itemListElement":[{"@type":"ListItem","position":1,"name":"Portada","item":"https:\/\/patrimonea.com\/"},{"@type":"ListItem","position":2,"name":"Aviso Legal"}]},{"@type":"WebSite","@id":"https:\/\/patrimonea.com\/#website","url":"https:\/\/patrimonea.com\/","name":"Patrimonea","description":"","potentialAction":[{"@type":"SearchAction","target":{"@type":"EntryPoint","urlTemplate":"https:\/\/patrimonea.com\/?s={search_term_string}"},"query-input":{"@type":"PropertyValueSpecification","valueRequired":true,"valueName":"search_term_string"}}],"inLanguage":"gl-ES"}]}},"_links":{"self":[{"href":"https:\/\/patrimonea.com\/gl\/wp-json\/wp\/v2\/pages\/1783","targetHints":{"allow":["GET"]}}],"collection":[{"href":"https:\/\/patrimonea.com\/gl\/wp-json\/wp\/v2\/pages"}],"about":[{"href":"https:\/\/patrimonea.com\/gl\/wp-json\/wp\/v2\/types\/page"}],"author":[{"embeddable":true,"href":"https:\/\/patrimonea.com\/gl\/wp-json\/wp\/v2\/users\/1"}],"replies":[{"embeddable":true,"href":"https:\/\/patrimonea.com\/gl\/wp-json\/wp\/v2\/comments?post=1783"}],"version-history":[{"count":1,"href":"https:\/\/patrimonea.com\/gl\/wp-json\/wp\/v2\/pages\/1783\/revisions"}],"predecessor-version":[{"id":1785,"href":"https:\/\/patrimonea.com\/gl\/wp-json\/wp\/v2\/pages\/1783\/revisions\/1785"}],"wp:attachment":[{"href":"https:\/\/patrimonea.com\/gl\/wp-json\/wp\/v2\/media?parent=1783"}],"curies":[{"name":"wp","href":"https:\/\/api.w.org\/{rel}","templated":true}]}}