{"id":1778,"date":"2024-08-27T13:09:50","date_gmt":"2024-08-27T11:09:50","guid":{"rendered":"https:\/\/patrimonea.com\/accesibilidad\/"},"modified":"2024-10-24T02:35:34","modified_gmt":"2024-10-24T00:35:34","slug":"accesibilidad","status":"publish","type":"page","link":"https:\/\/patrimonea.com\/gl\/accesibilidad\/","title":{"rendered":"Accesibilidade"},"content":{"rendered":"\n<p>Este sitio web \u00e9 accesible, de conformidade co Real Decreto 1112\/2018, do 7 de setembro, sobre accesibilidade dos sitios web e aplicaci\u00f3ns para dispositivos m\u00f3biles.<\/p>\n\n\n\n<p>A presente declaraci\u00f3n de accesibilidade apl\u00edcase ao sitio web www.patrimonea.com<\/p>\n\n\n\n<p><strong>Situaci\u00f3n de cumprimento.<\/strong><\/p>\n\n\n\n<p>Este sitio web \u00e9 parcialmente conforme co RD 1112\/2018 debido \u00e1s excepci\u00f3ns e \u00e1 falta de conformidade dos aspectos que se indican no seguinte punto.<\/p>\n\n\n\n<p><strong>Contido non accesible<\/strong><\/p>\n\n\n\n<p>O contido que se recolle a continuaci\u00f3n non \u00e9 accesible polo seguinte:<\/p>\n\n\n\n<p><strong>Falta de conformidade co RD 1112\/2018<\/strong><\/p>\n\n\n\n<p>Poder\u00edan existir documentos ofim\u00e1ticos en PDF e outros formatos publicados posteriormente ao 20 de setembro de 2018 que non cumpran na s\u00faa totalidade os requisitos de accesibilidade. P\u00f3dense solicitar os documentos completamente accesibles desde o formulario de contacto para formalizar queixas e consultas.<\/p>\n\n\n\n<p>Poder\u00edan existir erros de c\u00f3digo puntuais de edici\u00f3n nalgunha p\u00e1xina web. [4.1.1 Procesamento]<\/p>\n\n\n\n<p><strong>Carga desproporcionada<\/strong><\/p>\n\n\n\n<p>Non aplica.<\/p>\n\n\n\n<p><strong>O contido non entra dentro do \u00e1mbito da lexislaci\u00f3n aplicable<\/strong><\/p>\n\n\n\n<p>Poder\u00edan existir arquivos ofim\u00e1ticos en PDF ou outros formatos publicados antes do 20 de setembro de 2018 que non cumpran na s\u00faa totalidade todos os requisitos de accesibilidade. A\u00ednda que se procurou que a maior\u00eda deles si o cumpran.<\/p>\n\n\n\n<p><strong>Preparaci\u00f3n para a seguinte declaraci\u00f3n de accesibilidade<\/strong><\/p>\n\n\n\n<p>A presente declaraci\u00f3n foi preparada o 22 de decembro de 2022.<\/p>\n\n\n\n<p>O m\u00e9todo empregado para preparar a declaraci\u00f3n foi unha autoavaliaci\u00f3n levada a cabo pola empresa desarrolladora da p\u00e1xina web.<\/p>\n\n\n\n<p><strong>Observaci\u00f3ns e datos de contacto<\/strong><\/p>\n\n\n\n<p>Pode realizar comunicaci\u00f3ns sobre requisitos de accesibilidade (artigo 10.2.a de o RD 1112\/2018) como, por exemplo:<\/p>\n\n\n\n<p>\u2022 Informar sobre calquera posible incumprimento por parte deste sitio web<\/p>\n\n\n\n<p>\u2022\u00a0Transmitir outras dificultades de acceso ao contido<\/p>\n\n\n\n<p>\u2022\u00a0Formular calquera outra consulta ou suxesti\u00f3n de mellora relativa \u00e1 accesibilidade do sitio web a trav\u00e9s do formulario de contacto deste sitio web<\/p>\n\n\n\n<p>Pode presentar:<\/p>\n\n\n\n<p>\u00a0\u00a0 \u2022\u00a0Queixa relativa ao cumprimento dos requisitos do RD 1112\/2018 ou<\/p>\n\n\n\n<p>\u00a0\u00a0 \u2022\u00a0Solicitude de Informaci\u00f3n accesible relativa a:<\/p>\n\n\n\n<ul class=\"wp-block-list\">\n<li>Contidos que est\u00e1n exclu\u00eddos do \u00e1mbito de aplicaci\u00f3n do RD 1112\/2018 segundo o establecido polo artigo 3, apartado 4<\/li>\n\n\n\n<li>Contidos que est\u00e1n exentos do cumprimento dos requisitos de accesibilidade por impo\u00f1er unha carga desproporcionada<\/li>\n<\/ul>\n\n\n\n<p>Na Solicitude de informaci\u00f3n accesible, d\u00e9bese concretar, con toda claridade, os feitos, raz\u00f3ns e petici\u00f3n que permitan constatar que se trata dunha solicitude razoable e lex\u00edtima.<\/p>\n\n\n\n<p>As queixas e reclamaci\u00f3ns sobre informaci\u00f3n accesible realizaranse a trav\u00e9s da trav\u00e9s do formulario de contacto deste sitio web.<\/p>\n","protected":false},"excerpt":{"rendered":"<p>Este sitio web \u00e9 accesible, de conformidade co Real Decreto 1112\/2018, do 7 de setembro, sobre accesibilidade dos sitios web e aplicaci\u00f3ns para dispositivos m\u00f3biles. A presente declaraci\u00f3n de accesibilidade apl\u00edcase ao sitio web www.patrimonea.com Situaci\u00f3n de cumprimento. Este sitio web \u00e9 parcialmente conforme co RD 1112\/2018 debido \u00e1s excepci\u00f3ns e \u00e1 falta de conformidade [&hellip;]<\/p>\n","protected":false},"author":1,"featured_media":0,"parent":0,"menu_order":0,"comment_status":"closed","ping_status":"closed","template":"","meta":{"_acf_changed":false,"inline_featured_image":false,"footnotes":""},"class_list":["post-1778","page","type-page","status-publish","hentry"],"acf":[],"yoast_head":"<!-- This site is optimized with the Yoast SEO plugin v23.7 - https:\/\/yoast.com\/wordpress\/plugins\/seo\/ -->\n<title>Accesibilidade - Patrimonea<\/title>\n<meta name=\"robots\" content=\"noindex, nofollow\" \/>\n<meta property=\"og:locale\" content=\"gl_ES\" \/>\n<meta property=\"og:type\" content=\"article\" \/>\n<meta property=\"og:title\" content=\"Accesibilidade - Patrimonea\" \/>\n<meta property=\"og:description\" content=\"Este sitio web \u00e9 accesible, de conformidade co Real Decreto 1112\/2018, do 7 de setembro, sobre accesibilidade dos sitios web e aplicaci\u00f3ns para dispositivos m\u00f3biles. A presente declaraci\u00f3n de accesibilidade apl\u00edcase ao sitio web www.patrimonea.com Situaci\u00f3n de cumprimento. Este sitio web \u00e9 parcialmente conforme co RD 1112\/2018 debido \u00e1s excepci\u00f3ns e \u00e1 falta de conformidade [&hellip;]\" \/>\n<meta property=\"og:url\" content=\"https:\/\/patrimonea.com\/gl\/accesibilidad\/\" \/>\n<meta property=\"og:site_name\" content=\"Patrimonea\" \/>\n<meta property=\"article:modified_time\" content=\"2024-10-24T00:35:34+00:00\" \/>\n<meta name=\"twitter:card\" content=\"summary_large_image\" \/>\n<meta name=\"twitter:label1\" content=\"Tempo de lectura\" \/>\n\t<meta name=\"twitter:data1\" content=\"2 minutos\" \/>\n<script type=\"application\/ld+json\" class=\"yoast-schema-graph\">{\"@context\":\"https:\/\/schema.org\",\"@graph\":[{\"@type\":\"WebPage\",\"@id\":\"https:\/\/patrimonea.com\/gl\/accesibilidad\/\",\"url\":\"https:\/\/patrimonea.com\/gl\/accesibilidad\/\",\"name\":\"Accesibilidade - Patrimonea\",\"isPartOf\":{\"@id\":\"https:\/\/patrimonea.com\/#website\"},\"datePublished\":\"2024-08-27T11:09:50+00:00\",\"dateModified\":\"2024-10-24T00:35:34+00:00\",\"breadcrumb\":{\"@id\":\"https:\/\/patrimonea.com\/gl\/accesibilidad\/#breadcrumb\"},\"inLanguage\":\"gl-ES\",\"potentialAction\":[{\"@type\":\"ReadAction\",\"target\":[\"https:\/\/patrimonea.com\/gl\/accesibilidad\/\"]}]},{\"@type\":\"BreadcrumbList\",\"@id\":\"https:\/\/patrimonea.com\/gl\/accesibilidad\/#breadcrumb\",\"itemListElement\":[{\"@type\":\"ListItem\",\"position\":1,\"name\":\"Portada\",\"item\":\"https:\/\/patrimonea.com\/\"},{\"@type\":\"ListItem\",\"position\":2,\"name\":\"Accesibilidade\"}]},{\"@type\":\"WebSite\",\"@id\":\"https:\/\/patrimonea.com\/#website\",\"url\":\"https:\/\/patrimonea.com\/\",\"name\":\"Patrimonea\",\"description\":\"\",\"potentialAction\":[{\"@type\":\"SearchAction\",\"target\":{\"@type\":\"EntryPoint\",\"urlTemplate\":\"https:\/\/patrimonea.com\/?s={search_term_string}\"},\"query-input\":{\"@type\":\"PropertyValueSpecification\",\"valueRequired\":true,\"valueName\":\"search_term_string\"}}],\"inLanguage\":\"gl-ES\"}]}<\/script>\n<!-- \/ Yoast SEO plugin. -->","yoast_head_json":{"title":"Accesibilidade - Patrimonea","robots":{"index":"noindex","follow":"nofollow"},"og_locale":"gl_ES","og_type":"article","og_title":"Accesibilidade - Patrimonea","og_description":"Este sitio web \u00e9 accesible, de conformidade co Real Decreto 1112\/2018, do 7 de setembro, sobre accesibilidade dos sitios web e aplicaci\u00f3ns para dispositivos m\u00f3biles. A presente declaraci\u00f3n de accesibilidade apl\u00edcase ao sitio web www.patrimonea.com Situaci\u00f3n de cumprimento. Este sitio web \u00e9 parcialmente conforme co RD 1112\/2018 debido \u00e1s excepci\u00f3ns e \u00e1 falta de conformidade [&hellip;]","og_url":"https:\/\/patrimonea.com\/gl\/accesibilidad\/","og_site_name":"Patrimonea","article_modified_time":"2024-10-24T00:35:34+00:00","twitter_card":"summary_large_image","twitter_misc":{"Tempo de lectura":"2 minutos"},"schema":{"@context":"https:\/\/schema.org","@graph":[{"@type":"WebPage","@id":"https:\/\/patrimonea.com\/gl\/accesibilidad\/","url":"https:\/\/patrimonea.com\/gl\/accesibilidad\/","name":"Accesibilidade - Patrimonea","isPartOf":{"@id":"https:\/\/patrimonea.com\/#website"},"datePublished":"2024-08-27T11:09:50+00:00","dateModified":"2024-10-24T00:35:34+00:00","breadcrumb":{"@id":"https:\/\/patrimonea.com\/gl\/accesibilidad\/#breadcrumb"},"inLanguage":"gl-ES","potentialAction":[{"@type":"ReadAction","target":["https:\/\/patrimonea.com\/gl\/accesibilidad\/"]}]},{"@type":"BreadcrumbList","@id":"https:\/\/patrimonea.com\/gl\/accesibilidad\/#breadcrumb","itemListElement":[{"@type":"ListItem","position":1,"name":"Portada","item":"https:\/\/patrimonea.com\/"},{"@type":"ListItem","position":2,"name":"Accesibilidade"}]},{"@type":"WebSite","@id":"https:\/\/patrimonea.com\/#website","url":"https:\/\/patrimonea.com\/","name":"Patrimonea","description":"","potentialAction":[{"@type":"SearchAction","target":{"@type":"EntryPoint","urlTemplate":"https:\/\/patrimonea.com\/?s={search_term_string}"},"query-input":{"@type":"PropertyValueSpecification","valueRequired":true,"valueName":"search_term_string"}}],"inLanguage":"gl-ES"}]}},"_links":{"self":[{"href":"https:\/\/patrimonea.com\/gl\/wp-json\/wp\/v2\/pages\/1778","targetHints":{"allow":["GET"]}}],"collection":[{"href":"https:\/\/patrimonea.com\/gl\/wp-json\/wp\/v2\/pages"}],"about":[{"href":"https:\/\/patrimonea.com\/gl\/wp-json\/wp\/v2\/types\/page"}],"author":[{"embeddable":true,"href":"https:\/\/patrimonea.com\/gl\/wp-json\/wp\/v2\/users\/1"}],"replies":[{"embeddable":true,"href":"https:\/\/patrimonea.com\/gl\/wp-json\/wp\/v2\/comments?post=1778"}],"version-history":[{"count":1,"href":"https:\/\/patrimonea.com\/gl\/wp-json\/wp\/v2\/pages\/1778\/revisions"}],"predecessor-version":[{"id":1780,"href":"https:\/\/patrimonea.com\/gl\/wp-json\/wp\/v2\/pages\/1778\/revisions\/1780"}],"wp:attachment":[{"href":"https:\/\/patrimonea.com\/gl\/wp-json\/wp\/v2\/media?parent=1778"}],"curies":[{"name":"wp","href":"https:\/\/api.w.org\/{rel}","templated":true}]}}